{"id":7123,"date":"2014-02-07T21:09:13","date_gmt":"2014-02-07T21:09:13","guid":{"rendered":"http:\/\/church-event.vamtam.com\/?page_id=7123"},"modified":"2015-11-21T17:47:36","modified_gmt":"2015-11-21T17:47:36","slug":"mensagens","status":"publish","type":"page","link":"https:\/\/gracadivina.com\/index.php\/mensagens\/","title":{"rendered":"Mensagens"},"content":{"rendered":"<div class=\"row \"><div class=\"wpv-grid grid-1-1  wpv-first-level first unextended\" style=\"padding-top:0px;padding-bottom:0px\" id=\"wpv-column-cbc26d1ccf080d402e7aa9ad8da53653\" ><div class=\"loop-wrapper clearfix news row masonry not-paginated vamtam-cubeportfolio cbp\" data-columns=\"2\"  data-options=\"{&quot;layoutMode&quot;:&quot;mosaic&quot;,&quot;sortToPreventGaps&quot;:true,&quot;defaultFilter&quot;:&quot;*&quot;,&quot;animationType&quot;:&quot;quicksand&quot;,&quot;gapHorizontal&quot;:30,&quot;gapVertical&quot;:30,&quot;gridAdjustment&quot;:&quot;responsive&quot;,&quot;mediaQueries&quot;:[{&quot;width&quot;:555,&quot;cols&quot;:2},{&quot;width&quot;:262.5,&quot;cols&quot;:1}],&quot;displayType&quot;:&quot;bottomToTop&quot;,&quot;displayTypeSpeed&quot;:100}\">\n\t\t<div class=\"page-content post-header grid-1-2 clearboth list-item cbp-item post-25847 post type-post status-publish format-video hentry category-mensagens post_format-post-format-video\" >\n\t\t\t<div>\n\t\t\t\t<div class=\"post-article has-image-wrapper \">\n\t<div class=\"video-post-format clearfix as-normal \">\n\t\t\t<div class=\"thumbnail\">\n\t\t\t\t\t\t\t\t<div class=\"wpv-video-frame\"><iframe width=\"1260\" height=\"709\" src=\"https:\/\/www.youtube.com\/embed\/64AmhVdgv64?feature=oembed\" frameborder=\"0\" gesture=\"media\" allow=\"encrypted-media\" allowfullscreen><\/iframe><\/div>\t\t\t<\/div>\n\n\t<div class=\"post-content-wrapper\">\n\t\t\t<div class=\"post-actions-wrapper\">\n\t\t\t\t\n<div class=\"post-date\">\n\t\t\t<span class=\"top-part\">\n\t\t\t02\t\t<\/span>\n\t\t<span class=\"bottom-part\">\n\t\t\t01 '18\t\t<\/span>\n\t<\/div>\t\t\t\t\n<div class=\"post-actions\">\n\t\t\t\t\t\t<div class=\"comment-count\">\n\t\t\t\t<a href=\"https:\/\/gracadivina.com\/index.php\/2018\/01\/02\/deus-o-ama-e-conta-consigo\/#comments\">1 <span class=\"comment-word\">Coment\u00e1rio<\/span><\/a>\t\t\t<\/div>\n\t\t\n\t\t\t\t\t<div class=\"love-count-outer\">\n\t\t\t\t<div class=\"love-it-wrapper\"><a href=\"#\" class=\"love-it\" data-post-id=\"25847\" data-user-id=\"0\"><span class=\"visuallyhidden\">Love it<\/span><\/a> <span class=\"love-count\">0<\/span><\/div>\t\t\t<\/div>\n\t\t\n\t\t\t<\/div>\t\t\t<\/div>\n\t\t\t<div class=\"post-right\">\n\t\t\t\t<div class=\"post-content-outer\">\n\t\t\t\t\t\t\t<header class=\"single\">\n\t\t\t<div class=\"content\">\n\t\t\t\t<h4>\n\t\t\t\t\t<a href=\"https:\/\/gracadivina.com\/index.php\/2018\/01\/02\/deus-o-ama-e-conta-consigo\/\" title=\"Deus o ama e conta consigo\" class=\"entry-title\">Deus o ama e conta consigo<\/a>\n\t\t\t\t<\/h4>\n\t\t\t<\/div>\n\t\t<\/header>\n\t<p>Voc\u00ea \u00e9 t\u00e3o especial que Deus n\u00e3o poupou o seu Filho para resgat\u00e1-lo do pecado. Aprenda a amar-se e tema a Deus numa consci\u00eancia pura, e a sua vida ir\u00e1 mudar.<\/p>\n\t\t\t\t<\/div>\n\t\t\t<\/div>\n\t<\/div>\n\t<\/div>\n<\/div>\n\t\t\t<\/div>\n\t\t<\/div>\n\t\t<div class=\"page-content post-header grid-1-2 list-item cbp-item post-25816 post type-post status-publish format-standard hentry category-mensagens\" >\n\t\t\t<div>\n\t\t\t\t<div class=\"post-article no-image-wrapper \">\n\t<div class=\"standard-post-format clearfix as-normal as-standard-post-format\">\n\t\t\n\t<div class=\"post-content-wrapper\">\n\t\t\t<div class=\"post-actions-wrapper\">\n\t\t\t\t\n<div class=\"post-date\">\n\t\t\t<span class=\"top-part\">\n\t\t\t26\t\t<\/span>\n\t\t<span class=\"bottom-part\">\n\t\t\t03 '17\t\t<\/span>\n\t<\/div>\t\t\t\t\n<div class=\"post-actions\">\n\t\t\t\t\t\t<div class=\"comment-count\">\n\t\t\t\t<a href=\"https:\/\/gracadivina.com\/index.php\/2017\/03\/26\/fomos-chamados-a-comunhao-com-deus\/#respond\">0 <span class=\"comment-word\">Comments<\/span><\/a>\t\t\t<\/div>\n\t\t\n\t\t\t\t\t<div class=\"love-count-outer\">\n\t\t\t\t<div class=\"love-it-wrapper\"><a href=\"#\" class=\"love-it\" data-post-id=\"25816\" data-user-id=\"0\"><span class=\"visuallyhidden\">Love it<\/span><\/a> <span class=\"love-count\">0<\/span><\/div>\t\t\t<\/div>\n\t\t\n\t\t\t<\/div>\t\t\t<\/div>\n\t\t\t<div class=\"post-right\">\n\t\t\t\t<div class=\"post-content-outer\">\n\t\t\t\t\t\t\t<header class=\"single\">\n\t\t\t<div class=\"content\">\n\t\t\t\t<h4>\n\t\t\t\t\t<a href=\"https:\/\/gracadivina.com\/index.php\/2017\/03\/26\/fomos-chamados-a-comunhao-com-deus\/\" title=\"Fomos chamados \u00e0 comunh\u00e3o com Deus\" class=\"entry-title\">Fomos chamados \u00e0 comunh\u00e3o com Deus<\/a>\n\t\t\t\t<\/h4>\n\t\t\t<\/div>\n\t\t<\/header>\n\t<p>Se somos servos de Deus, devemos ter comunh\u00e3o com Jesus, orando e lendo a B\u00edblia regularmente, para sermos amigos de Deus e n\u00e3o apenas servos.<\/p>\n\t\t\t\t<\/div>\n\t\t\t<\/div>\n\t<\/div>\n\t<\/div>\n<\/div>\n\t\t\t<\/div>\n\t\t<\/div>\n\t\t<div class=\"page-content post-header grid-1-2 clearboth list-item cbp-item post-25802 post type-post status-publish format-standard hentry category-mensagens\" >\n\t\t\t<div>\n\t\t\t\t<div class=\"post-article no-image-wrapper \">\n\t<div class=\"standard-post-format clearfix as-normal as-standard-post-format\">\n\t\t\n\t<div class=\"post-content-wrapper\">\n\t\t\t<div class=\"post-actions-wrapper\">\n\t\t\t\t\n<div class=\"post-date\">\n\t\t\t<span class=\"top-part\">\n\t\t\t17\t\t<\/span>\n\t\t<span class=\"bottom-part\">\n\t\t\t01 '17\t\t<\/span>\n\t<\/div>\t\t\t\t\n<div class=\"post-actions\">\n\t\t\t\t\t\t<div class=\"comment-count\">\n\t\t\t\t<a href=\"https:\/\/gracadivina.com\/index.php\/2017\/01\/17\/de-tudo-o-fim-vira\/#respond\">0 <span class=\"comment-word\">Comments<\/span><\/a>\t\t\t<\/div>\n\t\t\n\t\t\t\t\t<div class=\"love-count-outer\">\n\t\t\t\t<div class=\"love-it-wrapper\"><a href=\"#\" class=\"love-it\" data-post-id=\"25802\" data-user-id=\"0\"><span class=\"visuallyhidden\">Love it<\/span><\/a> <span class=\"love-count\">0<\/span><\/div>\t\t\t<\/div>\n\t\t\n\t\t\t<\/div>\t\t\t<\/div>\n\t\t\t<div class=\"post-right\">\n\t\t\t\t<div class=\"post-content-outer\">\n\t\t\t\t\t\t\t<header class=\"single\">\n\t\t\t<div class=\"content\">\n\t\t\t\t<h4>\n\t\t\t\t\t<a href=\"https:\/\/gracadivina.com\/index.php\/2017\/01\/17\/de-tudo-o-fim-vira\/\" title=\"De tudo, o fim vir\u00e1\" class=\"entry-title\">De tudo, o fim vir\u00e1<\/a>\n\t\t\t\t<\/h4>\n\t\t\t<\/div>\n\t\t<\/header>\n\t<p>Tudo \u00e9 um tempo de tempo, tudo tem um fim. A vida n\u00e3o \u00e9 mais que vaidade e tudo se centra no temor a Deus.<\/p>\n\t\t\t\t<\/div>\n\t\t\t<\/div>\n\t<\/div>\n\t<\/div>\n<\/div>\n\t\t\t<\/div>\n\t\t<\/div>\n\t\t<div class=\"page-content post-header grid-1-2 list-item cbp-item post-25786 post type-post status-publish format-standard hentry category-mensagens\" >\n\t\t\t<div>\n\t\t\t\t<div class=\"post-article no-image-wrapper \">\n\t<div class=\"standard-post-format clearfix as-normal as-standard-post-format\">\n\t\t\n\t<div class=\"post-content-wrapper\">\n\t\t\t<div class=\"post-actions-wrapper\">\n\t\t\t\t\n<div class=\"post-date\">\n\t\t\t<span class=\"top-part\">\n\t\t\t16\t\t<\/span>\n\t\t<span class=\"bottom-part\">\n\t\t\t10 '16\t\t<\/span>\n\t<\/div>\t\t\t\t\n<div class=\"post-actions\">\n\t\t\t\t\t\t<div class=\"comment-count\">\n\t\t\t\t<a href=\"https:\/\/gracadivina.com\/index.php\/2016\/10\/16\/as-virgens-loucas-e-as-virgens-prudentes\/#comments\">3 <span class=\"comment-word\">Comments<\/span><\/a>\t\t\t<\/div>\n\t\t\n\t\t\t\t\t<div class=\"love-count-outer\">\n\t\t\t\t<div class=\"love-it-wrapper\"><a href=\"#\" class=\"love-it\" data-post-id=\"25786\" data-user-id=\"0\"><span class=\"visuallyhidden\">Love it<\/span><\/a> <span class=\"love-count\">0<\/span><\/div>\t\t\t<\/div>\n\t\t\n\t\t\t<\/div>\t\t\t<\/div>\n\t\t\t<div class=\"post-right\">\n\t\t\t\t<div class=\"post-content-outer\">\n\t\t\t\t\t\t\t<header class=\"single\">\n\t\t\t<div class=\"content\">\n\t\t\t\t<h4>\n\t\t\t\t\t<a href=\"https:\/\/gracadivina.com\/index.php\/2016\/10\/16\/as-virgens-loucas-e-as-virgens-prudentes\/\" title=\"As virgens loucas e as virgens prudentes\" class=\"entry-title\">As virgens loucas e as virgens prudentes<\/a>\n\t\t\t\t<\/h4>\n\t\t\t<\/div>\n\t\t<\/header>\n\t<p>Uma mensagem sobre a par\u00e1bola das dez virgens depois de um culto com louvor e adora\u00e7\u00e3o e com uma fam\u00edlia a pedir a b\u00ean\u00e7\u00e3o de Deus sobre as suas crian\u00e7as.<\/p>\n\t\t\t\t<\/div>\n\t\t\t<\/div>\n\t<\/div>\n\t<\/div>\n<\/div>\n\t\t\t<\/div>\n\t\t<\/div>\n\t\t<div class=\"page-content post-header grid-1-2 clearboth list-item cbp-item post-25731 post type-post status-publish format-video hentry category-eventos category-mensagens tag-deus tag-divina tag-graca tag-igreja tag-jesus tag-ministerio tag-neto tag-pascoa tag-pastor post_format-post-format-video\" >\n\t\t\t<div>\n\t\t\t\t<div class=\"post-article has-image-wrapper \">\n\t<div class=\"video-post-format clearfix as-normal \">\n\t\t\t<div class=\"thumbnail\">\n\t\t\t\t\t\t\t\t<div class=\"wpv-video-frame\"><iframe width=\"1260\" height=\"709\" src=\"https:\/\/www.youtube.com\/embed\/35unFCbkQdo?feature=oembed\" frameborder=\"0\" allowfullscreen><\/iframe><\/div>\t\t\t<\/div>\n\n\t<div class=\"post-content-wrapper\">\n\t\t\t<div class=\"post-actions-wrapper\">\n\t\t\t\t\n<div class=\"post-date\">\n\t\t\t<span class=\"top-part\">\n\t\t\t07\t\t<\/span>\n\t\t<span class=\"bottom-part\">\n\t\t\t04 '16\t\t<\/span>\n\t<\/div>\t\t\t\t\n<div class=\"post-actions\">\n\t\t\t\t\t\t<div class=\"comment-count\">\n\t\t\t\t<a href=\"https:\/\/gracadivina.com\/index.php\/2016\/04\/07\/pascoa-2016\/#respond\">0 <span class=\"comment-word\">Comments<\/span><\/a>\t\t\t<\/div>\n\t\t\n\t\t\t\t\t<div class=\"love-count-outer\">\n\t\t\t\t<div class=\"love-it-wrapper\"><a href=\"#\" class=\"love-it\" data-post-id=\"25731\" data-user-id=\"0\"><span class=\"visuallyhidden\">Love it<\/span><\/a> <span class=\"love-count\">3<\/span><\/div>\t\t\t<\/div>\n\t\t\n\t\t\t<\/div>\t\t\t<\/div>\n\t\t\t<div class=\"post-right\">\n\t\t\t\t<div class=\"post-content-outer\">\n\t\t\t\t\t\t\t<header class=\"single\">\n\t\t\t<div class=\"content\">\n\t\t\t\t<h4>\n\t\t\t\t\t<a href=\"https:\/\/gracadivina.com\/index.php\/2016\/04\/07\/pascoa-2016\/\" title=\"P\u00e1scoa 2016\" class=\"entry-title\">P\u00e1scoa 2016<\/a>\n\t\t\t\t<\/h4>\n\t\t\t<\/div>\n\t\t<\/header>\n\t<p>Breves imagens da reuni\u00e3o no dia de P\u00e1scoa, com louvor, teatro infantil e uma mensagem do pastor Neto sobre pecado e arrependimento.<\/p>\n\t\t\t\t<\/div>\n\t\t\t<\/div>\n\t<\/div>\n\t<\/div>\n<\/div>\n\t\t\t<\/div>\n\t\t<\/div>\n\t\t<div class=\"page-content post-header grid-1-2 list-item cbp-item post-25640 post type-post status-publish format-standard hentry category-mensagens\" >\n\t\t\t<div>\n\t\t\t\t<div class=\"post-article no-image-wrapper \">\n\t<div class=\"standard-post-format clearfix as-normal as-standard-post-format\">\n\t\t\n\t<div class=\"post-content-wrapper\">\n\t\t\t<div class=\"post-actions-wrapper\">\n\t\t\t\t\n<div class=\"post-date\">\n\t\t\t<span class=\"top-part\">\n\t\t\t21\t\t<\/span>\n\t\t<span class=\"bottom-part\">\n\t\t\t11 '15\t\t<\/span>\n\t<\/div>\t\t\t\t\n<div class=\"post-actions\">\n\t\t\t\t\t\t<div class=\"comment-count\">\n\t\t\t\t<a href=\"https:\/\/gracadivina.com\/index.php\/2015\/11\/21\/homens-com-carater\/#respond\">0 <span class=\"comment-word\">Comments<\/span><\/a>\t\t\t<\/div>\n\t\t\n\t\t\t\t\t<div class=\"love-count-outer\">\n\t\t\t\t<div class=\"love-it-wrapper\"><a href=\"#\" class=\"love-it\" data-post-id=\"25640\" data-user-id=\"0\"><span class=\"visuallyhidden\">Love it<\/span><\/a> <span class=\"love-count\">5<\/span><\/div>\t\t\t<\/div>\n\t\t\n\t\t\t<\/div>\t\t\t<\/div>\n\t\t\t<div class=\"post-right\">\n\t\t\t\t<div class=\"post-content-outer\">\n\t\t\t\t\t\t\t<header class=\"single\">\n\t\t\t<div class=\"content\">\n\t\t\t\t<h4>\n\t\t\t\t\t<a href=\"https:\/\/gracadivina.com\/index.php\/2015\/11\/21\/homens-com-carater\/\" title=\"Homens com car\u00e1ter\" class=\"entry-title\">Homens com car\u00e1ter<\/a>\n\t\t\t\t<\/h4>\n\t\t\t<\/div>\n\t\t<\/header>\n\t<p>Deus precisa de homens com car\u00e1ter. Nesta mensagem, o pastor Neto explica que de nada vale a un\u00e7\u00e3o se a pessoa n\u00e3o tiver um bom car\u00e1ter.<\/p>\n\t\t\t\t<\/div>\n\t\t\t<\/div>\n\t<\/div>\n\t<\/div>\n<\/div>\n\t\t\t<\/div>\n\t\t<\/div>\n<\/div>\n\n<\/div><\/div>\n","protected":false},"excerpt":{"rendered":"","protected":false},"author":1,"featured_media":0,"parent":0,"menu_order":0,"comment_status":"closed","ping_status":"closed","template":"","meta":{"_mi_skip_tracking":false,"_exactmetrics_sitenote_active":false,"_exactmetrics_sitenote_note":"","_exactmetrics_sitenote_category":0},"yoast_head":"<!-- This site is optimized with the Yoast SEO plugin v20.2.1 - https:\/\/yoast.com\/wordpress\/plugins\/seo\/ -->\n<title>Mensagens - Gra\u00e7a Divina<\/title>\n<meta name=\"robots\" content=\"index, follow, max-snippet:-1, max-image-preview:large, max-video-preview:-1\" \/>\n<link rel=\"canonical\" href=\"https:\/\/gracadivina.com\/index.php\/mensagens\/\" \/>\n<meta property=\"og:locale\" content=\"pt_PT\" \/>\n<meta property=\"og:type\" content=\"article\" \/>\n<meta property=\"og:title\" content=\"Mensagens - Gra\u00e7a Divina\" \/>\n<meta property=\"og:url\" content=\"https:\/\/gracadivina.com\/index.php\/mensagens\/\" \/>\n<meta property=\"og:site_name\" content=\"Gra\u00e7a Divina\" \/>\n<meta property=\"article:modified_time\" content=\"2015-11-21T17:47:36+00:00\" \/>\n<meta name=\"twitter:card\" content=\"summary_large_image\" \/>\n<script type=\"application\/ld+json\" class=\"yoast-schema-graph\">{\"@context\":\"https:\/\/schema.org\",\"@graph\":[{\"@type\":\"WebPage\",\"@id\":\"https:\/\/gracadivina.com\/index.php\/mensagens\/\",\"url\":\"https:\/\/gracadivina.com\/index.php\/mensagens\/\",\"name\":\"Mensagens - Gra\u00e7a Divina\",\"isPartOf\":{\"@id\":\"https:\/\/gracadivina.com\/#website\"},\"datePublished\":\"2014-02-07T21:09:13+00:00\",\"dateModified\":\"2015-11-21T17:47:36+00:00\",\"breadcrumb\":{\"@id\":\"https:\/\/gracadivina.com\/index.php\/mensagens\/#breadcrumb\"},\"inLanguage\":\"pt-PT\",\"potentialAction\":[{\"@type\":\"ReadAction\",\"target\":[\"https:\/\/gracadivina.com\/index.php\/mensagens\/\"]}]},{\"@type\":\"BreadcrumbList\",\"@id\":\"https:\/\/gracadivina.com\/index.php\/mensagens\/#breadcrumb\",\"itemListElement\":[{\"@type\":\"ListItem\",\"position\":1,\"name\":\"Home\",\"item\":\"https:\/\/gracadivina.com\/\"},{\"@type\":\"ListItem\",\"position\":2,\"name\":\"Mensagens\"}]},{\"@type\":\"WebSite\",\"@id\":\"https:\/\/gracadivina.com\/#website\",\"url\":\"https:\/\/gracadivina.com\/\",\"name\":\"Gra\u00e7a Divina\",\"description\":\"Igreja evang\u00e9lica\",\"potentialAction\":[{\"@type\":\"SearchAction\",\"target\":{\"@type\":\"EntryPoint\",\"urlTemplate\":\"https:\/\/gracadivina.com\/?s={search_term_string}\"},\"query-input\":\"required name=search_term_string\"}],\"inLanguage\":\"pt-PT\"}]}<\/script>\n<!-- \/ Yoast SEO plugin. -->","yoast_head_json":{"title":"Mensagens - Gra\u00e7a Divina","robots":{"index":"index","follow":"follow","max-snippet":"max-snippet:-1","max-image-preview":"max-image-preview:large","max-video-preview":"max-video-preview:-1"},"canonical":"https:\/\/gracadivina.com\/index.php\/mensagens\/","og_locale":"pt_PT","og_type":"article","og_title":"Mensagens - Gra\u00e7a Divina","og_url":"https:\/\/gracadivina.com\/index.php\/mensagens\/","og_site_name":"Gra\u00e7a Divina","article_modified_time":"2015-11-21T17:47:36+00:00","twitter_card":"summary_large_image","schema":{"@context":"https:\/\/schema.org","@graph":[{"@type":"WebPage","@id":"https:\/\/gracadivina.com\/index.php\/mensagens\/","url":"https:\/\/gracadivina.com\/index.php\/mensagens\/","name":"Mensagens - Gra\u00e7a Divina","isPartOf":{"@id":"https:\/\/gracadivina.com\/#website"},"datePublished":"2014-02-07T21:09:13+00:00","dateModified":"2015-11-21T17:47:36+00:00","breadcrumb":{"@id":"https:\/\/gracadivina.com\/index.php\/mensagens\/#breadcrumb"},"inLanguage":"pt-PT","potentialAction":[{"@type":"ReadAction","target":["https:\/\/gracadivina.com\/index.php\/mensagens\/"]}]},{"@type":"BreadcrumbList","@id":"https:\/\/gracadivina.com\/index.php\/mensagens\/#breadcrumb","itemListElement":[{"@type":"ListItem","position":1,"name":"Home","item":"https:\/\/gracadivina.com\/"},{"@type":"ListItem","position":2,"name":"Mensagens"}]},{"@type":"WebSite","@id":"https:\/\/gracadivina.com\/#website","url":"https:\/\/gracadivina.com\/","name":"Gra\u00e7a Divina","description":"Igreja evang\u00e9lica","potentialAction":[{"@type":"SearchAction","target":{"@type":"EntryPoint","urlTemplate":"https:\/\/gracadivina.com\/?s={search_term_string}"},"query-input":"required name=search_term_string"}],"inLanguage":"pt-PT"}]}},"_links":{"self":[{"href":"https:\/\/gracadivina.com\/index.php\/wp-json\/wp\/v2\/pages\/7123"}],"collection":[{"href":"https:\/\/gracadivina.com\/index.php\/wp-json\/wp\/v2\/pages"}],"about":[{"href":"https:\/\/gracadivina.com\/index.php\/wp-json\/wp\/v2\/types\/page"}],"author":[{"embeddable":true,"href":"https:\/\/gracadivina.com\/index.php\/wp-json\/wp\/v2\/users\/1"}],"replies":[{"embeddable":true,"href":"https:\/\/gracadivina.com\/index.php\/wp-json\/wp\/v2\/comments?post=7123"}],"version-history":[{"count":11,"href":"https:\/\/gracadivina.com\/index.php\/wp-json\/wp\/v2\/pages\/7123\/revisions"}],"predecessor-version":[{"id":25646,"href":"https:\/\/gracadivina.com\/index.php\/wp-json\/wp\/v2\/pages\/7123\/revisions\/25646"}],"wp:attachment":[{"href":"https:\/\/gracadivina.com\/index.php\/wp-json\/wp\/v2\/media?parent=7123"}],"curies":[{"name":"wp","href":"https:\/\/api.w.org\/{rel}","templated":true}]}}