{"id":7046,"date":"2014-02-05T18:00:30","date_gmt":"2014-02-05T18:00:30","guid":{"rendered":"http:\/\/church-event.vamtam.com\/?page_id=7046"},"modified":"2021-11-25T10:44:38","modified_gmt":"2021-11-25T10:44:38","slug":"donativos","status":"publish","type":"page","link":"https:\/\/gracadivina.com\/index.php\/donativos\/","title":{"rendered":"Donativos"},"content":{"rendered":"<div class=\"row \"><div class=\"wpv-grid grid-1-1  wpv-first-level first unextended\" style=\"padding-top:30px;padding-bottom:10px\" id=\"wpv-column-7c6dffcdf7d8c9bb77d6723a0f1a0119\" ><div class=\"row \"><div class=\"wpv-grid grid-1-1  first unextended\" style=\"padding-top:0px;padding-bottom:0px\" id=\"wpv-column-5888e66512be423873b8525687afe83f\" ><h3 style=\"text-align: center;\">\u201cn\u00e3o oferecerei ao Senhor meu Deus holocaustos que n\u00e3o me custem nada.\u201d<\/h3>\n<h5 style=\"text-align: center;\">\u2014 2 Samuel 24:24<\/h5><\/div><\/div><\/div><\/div>\n<div class=\"sep\"><\/div>\n<div class=\"row \"><div class=\"wpv-grid grid-1-1  wpv-first-level first unextended\" style=\"padding-top:0px;padding-bottom:0px\" id=\"wpv-column-fc4951d4e7136eb1969f67b62308253b\" ><h4>O seu donativo:<\/h4>\n<p>Poder\u00e1 contribuir para a obra de Deus, fazendo o seu donativo da seguinte forma:<\/div><\/div>\n<div class=\"push\" style='height:50px'><\/div>\n<div class=\"row \"><div class=\"wpv-grid grid-1-1  wpv-first-level first unextended\" style=\"padding-top:0px;padding-bottom:0px\" id=\"wpv-column-587b9e8b4e56e77d4676c1c18dbcc322\" ><div class=\"row \"><div class=\"wpv-grid grid-2-3  first has-background unextended\" style=\"background-color:#6e6e6e;padding-top:0px;padding-bottom:0px\" id=\"wpv-column-7000dccabaf62f36a283b0f261a00aa5\" ><style>#wpv-column-7000dccabaf62f36a283b0f261a00aa5 p,#wpv-column-7000dccabaf62f36a283b0f261a00aa5 em,#wpv-column-7000dccabaf62f36a283b0f261a00aa5 .column-title,#wpv-column-7000dccabaf62f36a283b0f261a00aa5 .sep-text h2.regular-title-wrapper,#wpv-column-7000dccabaf62f36a283b0f261a00aa5 .text-divider-double,#wpv-column-7000dccabaf62f36a283b0f261a00aa5 .sep-text .sep-text-line,#wpv-column-7000dccabaf62f36a283b0f261a00aa5 .sep,#wpv-column-7000dccabaf62f36a283b0f261a00aa5 .sep-2,#wpv-column-7000dccabaf62f36a283b0f261a00aa5 .sep-3{color:#eee;}#wpv-column-7000dccabaf62f36a283b0f261a00aa5:before{background-color:transparent;}<\/style><div class=\"row \"><div class=\"wpv-grid grid-1-1  first unextended\" style=\"padding-top:0px;padding-bottom:0px\" id=\"wpv-column-fd034adb65b48b437e976888e533abcc\" ><div class=\"push\" style='height:40px'><\/div>\n<p style=\"text-align: center;\"><span class='icon shortcode  ' style='font-size:80px !important;color:#ffffff;'>&#58082;<\/span>\n<h1 style=\"text-align: center; color: #ffffff;\"><span style=\"color: #ffffff;\">Transfer\u00eancia Banc\u00e1ria<\/span><\/h1>\n<p style=\"text-align: center; color: #ffffff;\"><span style=\"color: #ffffff;\">Igreja Evang\u00e9lica Gra\u00e7a Divina<\/span><\/p>\n<p style=\"text-align: center; color: #ffffff;\"><div class=\"push\" style='margin-bottom:-20px'><\/div>\n<p style=\"text-align: center; color: #ffffff;\">IBAN: PT50 0033 0000 4550 4366 9460 5<\/p>\n<p style=\"text-align: center; color: #ffffff;\">Banco Millennium BCP<\/p>\n<p style=\"text-align: center; color: #ffffff;\"><div class=\"push\" style='height:20px'><\/div><\/div><\/div><\/div>\n<div class=\"wpv-grid grid-1-3  has-background unextended\" style=\"background-color:#d4d4d4;padding-top:0px;padding-bottom:0px\" id=\"wpv-column-72e68fdabd7f64ccf6b3521f14952cbc\" ><style>#wpv-column-72e68fdabd7f64ccf6b3521f14952cbc p,#wpv-column-72e68fdabd7f64ccf6b3521f14952cbc em,#wpv-column-72e68fdabd7f64ccf6b3521f14952cbc .column-title,#wpv-column-72e68fdabd7f64ccf6b3521f14952cbc .sep-text h2.regular-title-wrapper,#wpv-column-72e68fdabd7f64ccf6b3521f14952cbc .text-divider-double,#wpv-column-72e68fdabd7f64ccf6b3521f14952cbc .sep-text .sep-text-line,#wpv-column-72e68fdabd7f64ccf6b3521f14952cbc .sep,#wpv-column-72e68fdabd7f64ccf6b3521f14952cbc .sep-2,#wpv-column-72e68fdabd7f64ccf6b3521f14952cbc .sep-3{color:#555;}#wpv-column-72e68fdabd7f64ccf6b3521f14952cbc:before{background-color:transparent;}<\/style><div class=\"row \"><div class=\"wpv-grid grid-1-1  first unextended\" style=\"padding-top:0px;padding-bottom:0px\" id=\"wpv-column-bfa553e38795bfefd927f97b1cc1a873\" ><div class=\"push\" style='height:40px'><\/div>\n<p style=\"text-align: center;\"><span class='icon shortcode  ' style='font-size:80px !important;'>&#58224;<\/span>\n<h1 style=\"text-align: center;\">Paypal<\/h1>\n<p style=\"text-align: center;\"><div class=\"push\" style='height:10px'><\/div>\n<p style=\"text-align: center;\">[paypal-donation]<\/p>\n<p style=\"text-align: center;\"><div class=\"push\" style='height:20px'><\/div><\/div><\/div><\/div><\/div><\/div><\/div>\n<div class=\"sep\"><\/div>\n<div class=\"row \"><div class=\"wpv-grid grid-1-1  wpv-first-level first unextended\" style=\"padding-top:0px;padding-bottom:0px\" id=\"wpv-column-6c8d289e31a2fcfcd1016c6ba39ff720\" ><p>Agradecemos o seu contributo.<\/p>\n<span class='icon shortcode  ' style='font-size:18px !important;color:#3e4043;'>&#57416;<\/span> <span class=\"versiculo\"> Sabendo que recebereis do Senhor o galard\u00e3o da heran\u00e7a, porque a Cristo, o Senhor, servis. <sub>(Cl 3:24)<\/sub><\/span><\/div><\/div>\n<div class=\"row \"><div class=\"wpv-grid grid-1-1  wpv-first-level first unextended\" style=\"padding-top:0px;padding-bottom:0px\" id=\"wpv-column-e856b1f92ce424f5bb2d2fadac552627\" ><h4><div class=\"push\" style='height:20px'><\/div><\/h4>\n<span class='icon shortcode  ' style='font-size:18px !important;color:#3e4043;'>&#57416;<\/span> <span class=\"versiculo\"> Os que semeiam em l\u00e1grimas segar\u00e3o com alegria. Aquele que leva a preciosa semente, andando e chorando, voltar\u00e1, sem d\u00favida, com alegria, trazendo consigo os seus molhos. <sub>(Sl 125:5,6)<\/sub><\/span><\/div><\/div>\n","protected":false},"excerpt":{"rendered":"<p>\u201cn\u00e3o oferecerei ao Senhor meu Deus holocaustos que n\u00e3o me custem nada.\u201d \u2014 2 Samuel 24:24 O seu donativo: Poder\u00e1 contribuir para a obra de Deus, fazendo o seu donativo da seguinte forma: Transfer\u00eancia Banc\u00e1ria Igreja Evang\u00e9lica Gra\u00e7a Divina IBAN: PT50 0033 0000 4550 4366 9460 5 Banco Millennium BCP Paypal [paypal-donation] Agradecemos o seu&#8230;<\/p>\n","protected":false},"author":1,"featured_media":0,"parent":0,"menu_order":0,"comment_status":"closed","ping_status":"closed","template":"","meta":{"_mi_skip_tracking":false,"_exactmetrics_sitenote_active":false,"_exactmetrics_sitenote_note":"","_exactmetrics_sitenote_category":0},"yoast_head":"<!-- This site is optimized with the Yoast SEO plugin v20.2.1 - https:\/\/yoast.com\/wordpress\/plugins\/seo\/ -->\n<title>Donativos - Gra\u00e7a Divina<\/title>\n<meta name=\"robots\" content=\"index, follow, max-snippet:-1, max-image-preview:large, max-video-preview:-1\" \/>\n<link rel=\"canonical\" href=\"https:\/\/gracadivina.com\/index.php\/donativos\/\" \/>\n<meta property=\"og:locale\" content=\"pt_PT\" \/>\n<meta property=\"og:type\" content=\"article\" \/>\n<meta property=\"og:title\" content=\"Donativos - Gra\u00e7a Divina\" \/>\n<meta property=\"og:url\" content=\"https:\/\/gracadivina.com\/index.php\/donativos\/\" \/>\n<meta property=\"og:site_name\" content=\"Gra\u00e7a Divina\" \/>\n<meta property=\"article:modified_time\" content=\"2021-11-25T10:44:38+00:00\" \/>\n<meta name=\"twitter:card\" content=\"summary_large_image\" \/>\n<meta name=\"twitter:label1\" content=\"Tempo estimado de leitura\" \/>\n\t<meta name=\"twitter:data1\" content=\"2 minutos\" \/>\n<script type=\"application\/ld+json\" class=\"yoast-schema-graph\">{\"@context\":\"https:\/\/schema.org\",\"@graph\":[{\"@type\":\"WebPage\",\"@id\":\"https:\/\/gracadivina.com\/index.php\/donativos\/\",\"url\":\"https:\/\/gracadivina.com\/index.php\/donativos\/\",\"name\":\"Donativos - Gra\u00e7a Divina\",\"isPartOf\":{\"@id\":\"https:\/\/gracadivina.com\/#website\"},\"datePublished\":\"2014-02-05T18:00:30+00:00\",\"dateModified\":\"2021-11-25T10:44:38+00:00\",\"breadcrumb\":{\"@id\":\"https:\/\/gracadivina.com\/index.php\/donativos\/#breadcrumb\"},\"inLanguage\":\"pt-PT\",\"potentialAction\":[{\"@type\":\"ReadAction\",\"target\":[\"https:\/\/gracadivina.com\/index.php\/donativos\/\"]}]},{\"@type\":\"BreadcrumbList\",\"@id\":\"https:\/\/gracadivina.com\/index.php\/donativos\/#breadcrumb\",\"itemListElement\":[{\"@type\":\"ListItem\",\"position\":1,\"name\":\"Home\",\"item\":\"https:\/\/gracadivina.com\/\"},{\"@type\":\"ListItem\",\"position\":2,\"name\":\"Donativos\"}]},{\"@type\":\"WebSite\",\"@id\":\"https:\/\/gracadivina.com\/#website\",\"url\":\"https:\/\/gracadivina.com\/\",\"name\":\"Gra\u00e7a Divina\",\"description\":\"Igreja evang\u00e9lica\",\"potentialAction\":[{\"@type\":\"SearchAction\",\"target\":{\"@type\":\"EntryPoint\",\"urlTemplate\":\"https:\/\/gracadivina.com\/?s={search_term_string}\"},\"query-input\":\"required name=search_term_string\"}],\"inLanguage\":\"pt-PT\"}]}<\/script>\n<!-- \/ Yoast SEO plugin. -->","yoast_head_json":{"title":"Donativos - Gra\u00e7a Divina","robots":{"index":"index","follow":"follow","max-snippet":"max-snippet:-1","max-image-preview":"max-image-preview:large","max-video-preview":"max-video-preview:-1"},"canonical":"https:\/\/gracadivina.com\/index.php\/donativos\/","og_locale":"pt_PT","og_type":"article","og_title":"Donativos - Gra\u00e7a Divina","og_url":"https:\/\/gracadivina.com\/index.php\/donativos\/","og_site_name":"Gra\u00e7a Divina","article_modified_time":"2021-11-25T10:44:38+00:00","twitter_card":"summary_large_image","twitter_misc":{"Tempo estimado de leitura":"2 minutos"},"schema":{"@context":"https:\/\/schema.org","@graph":[{"@type":"WebPage","@id":"https:\/\/gracadivina.com\/index.php\/donativos\/","url":"https:\/\/gracadivina.com\/index.php\/donativos\/","name":"Donativos - Gra\u00e7a Divina","isPartOf":{"@id":"https:\/\/gracadivina.com\/#website"},"datePublished":"2014-02-05T18:00:30+00:00","dateModified":"2021-11-25T10:44:38+00:00","breadcrumb":{"@id":"https:\/\/gracadivina.com\/index.php\/donativos\/#breadcrumb"},"inLanguage":"pt-PT","potentialAction":[{"@type":"ReadAction","target":["https:\/\/gracadivina.com\/index.php\/donativos\/"]}]},{"@type":"BreadcrumbList","@id":"https:\/\/gracadivina.com\/index.php\/donativos\/#breadcrumb","itemListElement":[{"@type":"ListItem","position":1,"name":"Home","item":"https:\/\/gracadivina.com\/"},{"@type":"ListItem","position":2,"name":"Donativos"}]},{"@type":"WebSite","@id":"https:\/\/gracadivina.com\/#website","url":"https:\/\/gracadivina.com\/","name":"Gra\u00e7a Divina","description":"Igreja evang\u00e9lica","potentialAction":[{"@type":"SearchAction","target":{"@type":"EntryPoint","urlTemplate":"https:\/\/gracadivina.com\/?s={search_term_string}"},"query-input":"required name=search_term_string"}],"inLanguage":"pt-PT"}]}},"_links":{"self":[{"href":"https:\/\/gracadivina.com\/index.php\/wp-json\/wp\/v2\/pages\/7046"}],"collection":[{"href":"https:\/\/gracadivina.com\/index.php\/wp-json\/wp\/v2\/pages"}],"about":[{"href":"https:\/\/gracadivina.com\/index.php\/wp-json\/wp\/v2\/types\/page"}],"author":[{"embeddable":true,"href":"https:\/\/gracadivina.com\/index.php\/wp-json\/wp\/v2\/users\/1"}],"replies":[{"embeddable":true,"href":"https:\/\/gracadivina.com\/index.php\/wp-json\/wp\/v2\/comments?post=7046"}],"version-history":[{"count":57,"href":"https:\/\/gracadivina.com\/index.php\/wp-json\/wp\/v2\/pages\/7046\/revisions"}],"predecessor-version":[{"id":25901,"href":"https:\/\/gracadivina.com\/index.php\/wp-json\/wp\/v2\/pages\/7046\/revisions\/25901"}],"wp:attachment":[{"href":"https:\/\/gracadivina.com\/index.php\/wp-json\/wp\/v2\/media?parent=7046"}],"curies":[{"name":"wp","href":"https:\/\/api.w.org\/{rel}","templated":true}]}}