{"id":7043,"date":"2014-02-05T17:55:45","date_gmt":"2014-02-05T17:55:45","guid":{"rendered":"http:\/\/church-event.vamtam.com\/?page_id=7043"},"modified":"2015-11-21T21:22:16","modified_gmt":"2015-11-21T21:22:16","slug":"departamentos","status":"publish","type":"page","link":"https:\/\/gracadivina.com\/index.php\/departamentos\/","title":{"rendered":"Departamentos"},"content":{"rendered":"<div class=\"row \"><div class=\"wpv-grid grid-1-1  wpv-first-level first unextended\" style=\"padding-top:30px;padding-bottom:10px\" id=\"wpv-column-6982cd5061369d5e35f947c35c54efcc\" ><div class=\"row \"><div class=\"wpv-grid grid-1-1  first unextended\" style=\"padding-top:0px;padding-bottom:0px\" id=\"wpv-column-481e768747679ff26edca0467f7c782c\" ><h4 style=\"text-align: center;\">\u201cCada um exer\u00e7a o dom que recebeu para servir os outros, administrando fielmente a gra\u00e7a de Deus em suas m\u00faltiplas formas\u201d<\/h4>\n<h5 style=\"text-align: center;\">\u2014\u00a01 Pedro 4:10<\/h5><\/div><\/div><\/div><\/div>\n<div class=\"sep\"><\/div>\n<div class=\"row \"><div class=\"wpv-grid grid-1-3  wpv-first-level first unextended animation-fade-in animated-active\" style=\"padding-top:0px;padding-bottom:0px\" id=\"wpv-column-e33b942893de1b24a1ae540311034e91\" ><div class=\"push\" style='height:15px'><\/div>\n<div class=\"row \"><div class=\"wpv-grid grid-1-1  first unextended\" style=\"padding-top:0px;padding-bottom:0px\" id=\"wpv-column-d1a704bd4d17a1acecae38b1b213cc78\" ><h3 style=\"text-align: center;\"><img decoding=\"async\" loading=\"lazy\" class=\"alignnone wp-image-25015 size-full\" src=\"http:\/\/gracadivina.com\/wp-content\/uploads\/2015\/09\/louvor.png\" alt=\"louvor\" width=\"236\" height=\"154\" \/><\/h3><\/div><\/div>\n<div class=\"push\" style='height:10px'><\/div>\n<div class=\"row \"><div class=\"wpv-grid grid-1-1  first unextended\" style=\"padding-top:0px;padding-bottom:0px\" id=\"wpv-column-a3bd84f3d9b510532fadb54137546b52\" ><h3 style=\"text-align: center;\">Louvor e Adora\u00e7\u00e3o<\/h3>\n<p style=\"text-align: center;\">Os levitas ajudam a igreja\u00a0a chegar \u00e0 presen\u00e7a de Deus.<\/p>\n<p style=\"text-align: center;\"><img decoding=\"async\" loading=\"lazy\" class=\"aligncenter size-full wp-image-6905\" src=\"http:\/\/gracadivina.com\/wp-content\/themes\/church-event\/samples\/images\/ornament1.png\" alt=\"ornament1\" width=\"50\" height=\"30\" \/><\/div><\/div><\/div>\n<div class=\"wpv-grid grid-1-3  wpv-first-level unextended animation-fade-in animated-active\" style=\"padding-top:0px;padding-bottom:0px\" id=\"wpv-column-c56021b70007bcf450370e7ba0e6a989\" ><div class=\"push\" style='height:15px'><\/div>\n<div class=\"row \"><div class=\"wpv-grid grid-1-1  first unextended\" style=\"padding-top:0px;padding-bottom:0px\" id=\"wpv-column-b36c16ed0e32db8ccdf6b0faaa20f1d2\" ><h3 style=\"text-align: center;\"><img decoding=\"async\" loading=\"lazy\" class=\"alignnone wp-image-25009 size-full\" src=\"http:\/\/gracadivina.com\/wp-content\/uploads\/2015\/09\/assistentes.png\" alt=\"assistentes\" width=\"236\" height=\"154\" \/><\/h3><\/div><\/div>\n<div class=\"push\" style='height:10px'><\/div>\n<div class=\"row \"><div class=\"wpv-grid grid-1-1  first unextended\" style=\"padding-top:0px;padding-bottom:0px\" id=\"wpv-column-83e3c80d36c671776a8ee2c82199e1b5\" ><h3 style=\"text-align: center;\">Assistentes<\/h3>\n<p style=\"text-align: center;\">Os assistentes contribuem para o bom funcionamento da reuni\u00e3o.<\/p>\n<p style=\"text-align: center;\"><img decoding=\"async\" loading=\"lazy\" class=\"aligncenter size-full wp-image-6905\" src=\"http:\/\/gracadivina.com\/wp-content\/themes\/church-event\/samples\/images\/ornament1.png\" alt=\"ornament1\" width=\"50\" height=\"30\" \/><\/div><\/div><\/div>\n<div class=\"wpv-grid grid-1-3  wpv-first-level unextended animation-fade-in animated-active\" style=\"padding-top:0px;padding-bottom:0px\" id=\"wpv-column-5aa5c931767c7028b0a814c111f3ddd8\" ><div class=\"push\" style='height:15px'><\/div>\n<div class=\"row \"><div class=\"wpv-grid grid-1-1  first unextended\" style=\"padding-top:0px;padding-bottom:0px\" id=\"wpv-column-ca5e4b2edd1e0304494b90379cb3e39c\" ><h3 style=\"text-align: center;\"><img decoding=\"async\" loading=\"lazy\" class=\"alignnone wp-image-25013 size-full\" src=\"http:\/\/gracadivina.com\/wp-content\/uploads\/2015\/09\/intercessao.png\" alt=\"intercessao\" width=\"236\" height=\"154\" \/><\/h3><\/div><\/div>\n<div class=\"push\" style='height:10px'><\/div>\n<div class=\"row \"><div class=\"wpv-grid grid-1-1  first unextended\" style=\"padding-top:0px;padding-bottom:0px\" id=\"wpv-column-2f3553a800b563509095dd09dee55e36\" ><h3 style=\"text-align: center;\">Intercess\u00e3o<\/h3>\n<p style=\"text-align: center;\">Os intercessores lutam no mundo espiritual a favor da vit\u00f3ria para a vida das pessoas.<\/p>\n<p style=\"text-align: center;\"><img decoding=\"async\" loading=\"lazy\" class=\"aligncenter size-full wp-image-6905\" src=\"http:\/\/gracadivina.com\/wp-content\/themes\/church-event\/samples\/images\/ornament1.png\" alt=\"ornament1\" width=\"50\" height=\"30\" \/><\/div><\/div><\/div><\/div>\n<div class=\"sep\"><\/div>\n<div class=\"row \"><div class=\"wpv-grid grid-1-3  wpv-first-level first unextended animation-fade-in animated-active\" style=\"padding-top:0px;padding-bottom:0px\" id=\"wpv-column-100d1414d1e300de3466ce7711f0375e\" ><div class=\"push\" style='height:15px'><\/div>\n<div class=\"row \"><div class=\"wpv-grid grid-1-1  first unextended\" style=\"padding-top:0px;padding-bottom:0px\" id=\"wpv-column-ec1f03c17cca3fd64c254df597134398\" ><h3 style=\"text-align: center;\"><a href=\"http:\/\/gracadivina.com\/wp-content\/uploads\/2015\/11\/Dep_Ig_Infantil.png\"><img decoding=\"async\" loading=\"lazy\" class=\"alignnone wp-image-25634 size-full\" src=\"http:\/\/gracadivina.com\/wp-content\/uploads\/2015\/11\/Dep_Ig_Infantil.png\" alt=\"\" width=\"236\" height=\"154\" \/><\/a><\/h3><\/div><\/div>\n<div class=\"push\" style='height:10px'><\/div>\n<div class=\"row \"><div class=\"wpv-grid grid-1-1  first unextended\" style=\"padding-top:0px;padding-bottom:0px\" id=\"wpv-column-75ff10d4484bea407e70626c44180f76\" ><h3 style=\"text-align: center;\">Crian\u00e7as e Jovens<\/h3>\n<p style=\"text-align: center;\">Existe uma igreja infantil e v\u00e1rias atividades para o jovem caminhar com Cristo.<\/p>\n<p style=\"text-align: center;\"><img decoding=\"async\" loading=\"lazy\" class=\"aligncenter size-full wp-image-6905\" src=\"http:\/\/gracadivina.com\/wp-content\/themes\/church-event\/samples\/images\/ornament1.png\" alt=\"ornament1\" width=\"50\" height=\"30\" \/><\/div><\/div><\/div>\n<div class=\"wpv-grid grid-1-3  wpv-first-level unextended animation-fade-in animated-active\" style=\"padding-top:0px;padding-bottom:0px\" id=\"wpv-column-fdeefbc4ea820736739e8439fc7bd633\" ><div class=\"push\" style='height:15px'><\/div>\n<div class=\"row \"><div class=\"wpv-grid grid-1-1  first unextended\" style=\"padding-top:0px;padding-bottom:0px\" id=\"wpv-column-11e7f254be6dc9914f7ff30110088dfc\" ><h3 style=\"text-align: center;\"><a href=\"http:\/\/gracadivina.com\/wp-content\/uploads\/2015\/11\/Dep_Livraria.png\"><img decoding=\"async\" loading=\"lazy\" class=\"alignnone wp-image-25635 size-full\" src=\"http:\/\/gracadivina.com\/wp-content\/uploads\/2015\/11\/Dep_Livraria.png\" alt=\"\" width=\"236\" height=\"154\" \/><\/a><\/h3><\/div><\/div>\n<div class=\"push\" style='height:10px'><\/div>\n<div class=\"row \"><div class=\"wpv-grid grid-1-1  first unextended\" style=\"padding-top:0px;padding-bottom:0px\" id=\"wpv-column-cfdcf0c49c75dd840b4339d2fc16968f\" ><h3 style=\"text-align: center;\">Livraria<\/h3>\n<p style=\"text-align: center;\">A livraria tem ao dispor diverso material para o crescimento e fortalecimento do crist\u00e3o.<\/p>\n<p style=\"text-align: center;\"><img decoding=\"async\" loading=\"lazy\" class=\"aligncenter size-full wp-image-6905\" src=\"http:\/\/gracadivina.com\/wp-content\/themes\/church-event\/samples\/images\/ornament1.png\" alt=\"ornament1\" width=\"50\" height=\"30\" \/><\/div><\/div><\/div>\n<div class=\"wpv-grid grid-1-3  wpv-first-level unextended animation-fade-in animated-active\" style=\"padding-top:0px;padding-bottom:0px\" id=\"wpv-column-7b7d610acaca581fc071642e789219c4\" ><div class=\"push\" style='height:15px'><\/div>\n<div class=\"row \"><div class=\"wpv-grid grid-1-1  first unextended\" style=\"padding-top:0px;padding-bottom:0px\" id=\"wpv-column-78b1488b298e6789af179da547a6e1df\" ><h3 style=\"text-align: center;\"><a href=\"http:\/\/gracadivina.com\/wp-content\/uploads\/2015\/11\/Dep_multimedia.png\"><img decoding=\"async\" loading=\"lazy\" class=\"alignnone wp-image-25636 size-full\" src=\"http:\/\/gracadivina.com\/wp-content\/uploads\/2015\/11\/Dep_multimedia.png\" alt=\"\" width=\"236\" height=\"154\" \/><\/a><\/h3><\/div><\/div>\n<div class=\"push\" style='height:10px'><\/div>\n<div class=\"row \"><div class=\"wpv-grid grid-1-1  first unextended\" style=\"padding-top:0px;padding-bottom:0px\" id=\"wpv-column-3b2b5f285f0e38b44a53e586300a0984\" ><h3 style=\"text-align: center;\">Multim\u00e9dia<\/h3>\n<p style=\"text-align: center;\">Todas as reuni\u00f5es s\u00e3o gravadas e disponibilizadas na livraria.<\/p>\n<p style=\"text-align: center;\"><img decoding=\"async\" loading=\"lazy\" class=\"aligncenter size-full wp-image-6905\" src=\"http:\/\/gracadivina.com\/wp-content\/themes\/church-event\/samples\/images\/ornament1.png\" alt=\"ornament1\" width=\"50\" height=\"30\" \/><\/div><\/div><\/div><\/div>\n<div class=\"sep\"><\/div>\n<div class=\"row \"><div class=\"wpv-grid grid-1-3  wpv-first-level first unextended animation-fade-in animated-active\" style=\"padding-top:0px;padding-bottom:0px\" id=\"wpv-column-66e690762754ff6baeb47146cdda1c83\" ><div class=\"push\" style='height:15px'><\/div>\n<div class=\"row \"><div class=\"wpv-grid grid-1-1  first unextended\" style=\"padding-top:0px;padding-bottom:0px\" id=\"wpv-column-87d95ca51741a09c8e08cec0efd6bcde\" ><h3 style=\"text-align: center;\"><img decoding=\"async\" loading=\"lazy\" class=\"alignnone wp-image-25012 size-full\" src=\"http:\/\/gracadivina.com\/wp-content\/uploads\/2015\/09\/grupos2.png\" alt=\"grupos2\" width=\"236\" height=\"154\" \/><\/h3><\/div><\/div>\n<div class=\"push\" style='height:10px'><\/div>\n<div class=\"row \"><div class=\"wpv-grid grid-1-1  first unextended\" style=\"padding-top:0px;padding-bottom:0px\" id=\"wpv-column-696340cba3f542212f69b33ff35fd031\" ><h3 style=\"text-align: center;\">Grupos Familiares<\/h3>\n<p style=\"text-align: center;\">\u00c9 uma reuni\u00e3o mais pequena de car\u00e1ter familiar a meio da semana.<\/p>\n<p style=\"text-align: center;\"><img decoding=\"async\" loading=\"lazy\" class=\"aligncenter size-full wp-image-6905\" src=\"http:\/\/gracadivina.com\/wp-content\/themes\/church-event\/samples\/images\/ornament1.png\" alt=\"ornament1\" width=\"50\" height=\"30\" \/><\/div><\/div><\/div>\n<div class=\"wpv-grid grid-1-3  wpv-first-level unextended animation-fade-in animated-active\" style=\"padding-top:0px;padding-bottom:0px\" id=\"wpv-column-0b280e7bb103e0cc37cb6af73034420b\" ><div class=\"push\" style='height:15px'><\/div>\n<div class=\"row \"><div class=\"wpv-grid grid-1-1  first unextended\" style=\"padding-top:0px;padding-bottom:0px\" id=\"wpv-column-0e6aca774a2473b85bf1af5a45bfca82\" ><h3 style=\"text-align: center;\"><img decoding=\"async\" loading=\"lazy\" class=\"alignnone wp-image-25020 size-full\" src=\"http:\/\/gracadivina.com\/wp-content\/uploads\/2015\/09\/missoes.png\" alt=\"missoes\" width=\"236\" height=\"154\" \/><\/h3><\/div><\/div>\n<div class=\"push\" style='height:10px'><\/div>\n<div class=\"row \"><div class=\"wpv-grid grid-1-1  first unextended\" style=\"padding-top:0px;padding-bottom:0px\" id=\"wpv-column-495b1bcf99d2bc638c158f33039ca78e\" ><h3 style=\"text-align: center;\">Miss\u00f5es e Evangelismo<\/h3>\n<p style=\"text-align: center;\">Este \u00e9 um trabalho de\u00a0todos, quer seja no terreno ou ajudando indirectamente.<\/p>\n<p style=\"text-align: center;\"><img decoding=\"async\" loading=\"lazy\" class=\"aligncenter size-full wp-image-6905\" src=\"http:\/\/gracadivina.com\/wp-content\/themes\/church-event\/samples\/images\/ornament1.png\" alt=\"ornament1\" width=\"50\" height=\"30\" \/><\/div><\/div><\/div><\/div>\n<div class=\"sep\"><\/div>\n<div class=\"row \"><div class=\"wpv-grid grid-1-6  wpv-first-level first unextended\" style=\"padding-top:0px;padding-bottom:0px\" id=\"wpv-column-614617ac001eb20a4dbe0701bf8a4882\" ><div class=\"push\" style='height:5px'><\/div><\/div><\/div>\n<div class=\"row \"><div class=\"wpv-grid grid-1-1  wpv-first-level first unextended animation-fade-in animated-active\" style=\"padding-top:0px;padding-bottom:0px\" id=\"wpv-column-21cdab979cc2676f644a908414162eeb\" ><p style=\"text-align: center;\">Jesus veio \u00e0 terra com o\u00a0prop\u00f3sito de colocar o homem em liberdade: liberdade para escolher servir ou n\u00e3o a Deus. O escravo serve por obriga\u00e7\u00e3o, mas o livre serve por amor.<\/p>\n<h4 style=\"text-align: center;\">\u201cSe, pois, o Filho vos libertar, verdadeiramente sereis livres.\u201d<\/h4>\n<h5 style=\"text-align: center;\">\u2014\u00a0Jo\u00e3o 8:36<\/h5><\/div><\/div>\n<div class=\"push\" style='height:30px'><\/div>\n","protected":false},"excerpt":{"rendered":"<p>\u201cCada um exer\u00e7a o dom que recebeu para servir os outros, administrando fielmente a gra\u00e7a de Deus em suas m\u00faltiplas formas\u201d \u2014\u00a01 Pedro 4:10 Louvor e Adora\u00e7\u00e3o Os levitas ajudam a igreja\u00a0a chegar \u00e0 presen\u00e7a de Deus. Assistentes Os assistentes contribuem para o bom funcionamento da reuni\u00e3o. Intercess\u00e3o Os intercessores lutam no mundo espiritual a&#8230;<\/p>\n","protected":false},"author":1,"featured_media":0,"parent":0,"menu_order":0,"comment_status":"closed","ping_status":"closed","template":"","meta":{"_mi_skip_tracking":false,"_exactmetrics_sitenote_active":false,"_exactmetrics_sitenote_note":"","_exactmetrics_sitenote_category":0},"yoast_head":"<!-- This site is optimized with the Yoast SEO plugin v20.2.1 - https:\/\/yoast.com\/wordpress\/plugins\/seo\/ -->\n<title>Departamentos - Gra\u00e7a Divina<\/title>\n<meta name=\"robots\" content=\"index, follow, max-snippet:-1, max-image-preview:large, max-video-preview:-1\" \/>\n<link rel=\"canonical\" href=\"https:\/\/gracadivina.com\/index.php\/departamentos\/\" \/>\n<meta property=\"og:locale\" content=\"pt_PT\" \/>\n<meta property=\"og:type\" content=\"article\" \/>\n<meta property=\"og:title\" content=\"Departamentos - Gra\u00e7a Divina\" \/>\n<meta property=\"og:url\" content=\"https:\/\/gracadivina.com\/index.php\/departamentos\/\" \/>\n<meta property=\"og:site_name\" content=\"Gra\u00e7a Divina\" \/>\n<meta property=\"article:modified_time\" content=\"2015-11-21T21:22:16+00:00\" \/>\n<meta property=\"og:image\" content=\"http:\/\/gracadivina.com\/wp-content\/uploads\/2015\/09\/louvor.png\" \/>\n<meta name=\"twitter:card\" content=\"summary_large_image\" \/>\n<meta name=\"twitter:label1\" content=\"Tempo estimado de leitura\" \/>\n\t<meta name=\"twitter:data1\" content=\"5 minutos\" \/>\n<script type=\"application\/ld+json\" class=\"yoast-schema-graph\">{\"@context\":\"https:\/\/schema.org\",\"@graph\":[{\"@type\":\"WebPage\",\"@id\":\"https:\/\/gracadivina.com\/index.php\/departamentos\/\",\"url\":\"https:\/\/gracadivina.com\/index.php\/departamentos\/\",\"name\":\"Departamentos - Gra\u00e7a Divina\",\"isPartOf\":{\"@id\":\"https:\/\/gracadivina.com\/#website\"},\"datePublished\":\"2014-02-05T17:55:45+00:00\",\"dateModified\":\"2015-11-21T21:22:16+00:00\",\"breadcrumb\":{\"@id\":\"https:\/\/gracadivina.com\/index.php\/departamentos\/#breadcrumb\"},\"inLanguage\":\"pt-PT\",\"potentialAction\":[{\"@type\":\"ReadAction\",\"target\":[\"https:\/\/gracadivina.com\/index.php\/departamentos\/\"]}]},{\"@type\":\"BreadcrumbList\",\"@id\":\"https:\/\/gracadivina.com\/index.php\/departamentos\/#breadcrumb\",\"itemListElement\":[{\"@type\":\"ListItem\",\"position\":1,\"name\":\"Home\",\"item\":\"https:\/\/gracadivina.com\/\"},{\"@type\":\"ListItem\",\"position\":2,\"name\":\"Departamentos\"}]},{\"@type\":\"WebSite\",\"@id\":\"https:\/\/gracadivina.com\/#website\",\"url\":\"https:\/\/gracadivina.com\/\",\"name\":\"Gra\u00e7a Divina\",\"description\":\"Igreja evang\u00e9lica\",\"potentialAction\":[{\"@type\":\"SearchAction\",\"target\":{\"@type\":\"EntryPoint\",\"urlTemplate\":\"https:\/\/gracadivina.com\/?s={search_term_string}\"},\"query-input\":\"required name=search_term_string\"}],\"inLanguage\":\"pt-PT\"}]}<\/script>\n<!-- \/ Yoast SEO plugin. -->","yoast_head_json":{"title":"Departamentos - Gra\u00e7a Divina","robots":{"index":"index","follow":"follow","max-snippet":"max-snippet:-1","max-image-preview":"max-image-preview:large","max-video-preview":"max-video-preview:-1"},"canonical":"https:\/\/gracadivina.com\/index.php\/departamentos\/","og_locale":"pt_PT","og_type":"article","og_title":"Departamentos - Gra\u00e7a Divina","og_url":"https:\/\/gracadivina.com\/index.php\/departamentos\/","og_site_name":"Gra\u00e7a Divina","article_modified_time":"2015-11-21T21:22:16+00:00","og_image":[{"url":"http:\/\/gracadivina.com\/wp-content\/uploads\/2015\/09\/louvor.png"}],"twitter_card":"summary_large_image","twitter_misc":{"Tempo estimado de leitura":"5 minutos"},"schema":{"@context":"https:\/\/schema.org","@graph":[{"@type":"WebPage","@id":"https:\/\/gracadivina.com\/index.php\/departamentos\/","url":"https:\/\/gracadivina.com\/index.php\/departamentos\/","name":"Departamentos - Gra\u00e7a Divina","isPartOf":{"@id":"https:\/\/gracadivina.com\/#website"},"datePublished":"2014-02-05T17:55:45+00:00","dateModified":"2015-11-21T21:22:16+00:00","breadcrumb":{"@id":"https:\/\/gracadivina.com\/index.php\/departamentos\/#breadcrumb"},"inLanguage":"pt-PT","potentialAction":[{"@type":"ReadAction","target":["https:\/\/gracadivina.com\/index.php\/departamentos\/"]}]},{"@type":"BreadcrumbList","@id":"https:\/\/gracadivina.com\/index.php\/departamentos\/#breadcrumb","itemListElement":[{"@type":"ListItem","position":1,"name":"Home","item":"https:\/\/gracadivina.com\/"},{"@type":"ListItem","position":2,"name":"Departamentos"}]},{"@type":"WebSite","@id":"https:\/\/gracadivina.com\/#website","url":"https:\/\/gracadivina.com\/","name":"Gra\u00e7a Divina","description":"Igreja evang\u00e9lica","potentialAction":[{"@type":"SearchAction","target":{"@type":"EntryPoint","urlTemplate":"https:\/\/gracadivina.com\/?s={search_term_string}"},"query-input":"required name=search_term_string"}],"inLanguage":"pt-PT"}]}},"_links":{"self":[{"href":"https:\/\/gracadivina.com\/index.php\/wp-json\/wp\/v2\/pages\/7043"}],"collection":[{"href":"https:\/\/gracadivina.com\/index.php\/wp-json\/wp\/v2\/pages"}],"about":[{"href":"https:\/\/gracadivina.com\/index.php\/wp-json\/wp\/v2\/types\/page"}],"author":[{"embeddable":true,"href":"https:\/\/gracadivina.com\/index.php\/wp-json\/wp\/v2\/users\/1"}],"replies":[{"embeddable":true,"href":"https:\/\/gracadivina.com\/index.php\/wp-json\/wp\/v2\/comments?post=7043"}],"version-history":[{"count":57,"href":"https:\/\/gracadivina.com\/index.php\/wp-json\/wp\/v2\/pages\/7043\/revisions"}],"predecessor-version":[{"id":25674,"href":"https:\/\/gracadivina.com\/index.php\/wp-json\/wp\/v2\/pages\/7043\/revisions\/25674"}],"wp:attachment":[{"href":"https:\/\/gracadivina.com\/index.php\/wp-json\/wp\/v2\/media?parent=7043"}],"curies":[{"name":"wp","href":"https:\/\/api.w.org\/{rel}","templated":true}]}}