{"id":40,"date":"2013-03-22T14:33:34","date_gmt":"2013-03-22T14:33:34","guid":{"rendered":"http:\/\/church-event.vamtam.com\/?page_id=34"},"modified":"2015-12-03T22:36:57","modified_gmt":"2015-12-03T22:36:57","slug":"lideranca","status":"publish","type":"page","link":"https:\/\/gracadivina.com\/index.php\/lideranca\/","title":{"rendered":"Lideran\u00e7a"},"content":{"rendered":"\t\t<h2 class=\"text-divider-double\">\t\t\t\nPastores<div class=\"push\" style='height:15px'><\/div>\n\t\t<\/h2>\t\t<div class=\"sep\"><\/div>\t\n<div class=\"row \"><div class=\"wpv-grid grid-1-4  wpv-first-level first unextended\" style=\"padding-top:0px;padding-bottom:0px\" id=\"wpv-column-817dd5b40041999f1691de13065497df\" ><div class=\"push\" style='height:30px'><\/div><\/div>\n<div class=\"wpv-grid grid-1-4  wpv-first-level unextended animation-fade-in animated-active\" style=\"padding-top:0px;padding-bottom:0px\" id=\"wpv-column-cf6f21a1876ab3b2bb702845f74723f8\" ><div class=\"team-member\">\n\t\t<div class=\"thumbnail\">\n\t\t\t\t\t<img width=\"215\" height=\"215\" src=\"https:\/\/gracadivina.com\/wp-content\/uploads\/2015\/12\/pst-neto.png\" class=\"attachment-full size-full\" alt=\"\" decoding=\"async\" loading=\"lazy\" srcset=\"https:\/\/gracadivina.com\/wp-content\/uploads\/2015\/12\/pst-neto.png 215w, https:\/\/gracadivina.com\/wp-content\/uploads\/2015\/12\/pst-neto-150x150.png 150w, https:\/\/gracadivina.com\/wp-content\/uploads\/2015\/12\/pst-neto-60x60.png 60w, https:\/\/gracadivina.com\/wp-content\/uploads\/2015\/12\/pst-neto-43x43.png 43w, https:\/\/gracadivina.com\/wp-content\/uploads\/2015\/12\/pst-neto-106x106.png 106w\" sizes=\"(max-width: 215px) 100vw, 215px\" \/>\t\t\t<\/div>\n\t\t<div class=\"team-member-info\">\n\t\t<h4>\n\t\t\t\t\t\t\tAlbertino Neto\t\t\t\t\t<\/h4>\n\t\t\t\t\t<h6 class=\"team-member-position\">Pastor<\/h6>\n\t\t\t\t\t\t\t\t<div class=\"share-icons clearfix\">\n\t\t\t\t\t<\/div>\n\t<\/div>\n<\/div>\n<\/div>\n<div class=\"wpv-grid grid-1-4  wpv-first-level unextended animation-fade-in animated-active\" style=\"padding-top:0px;padding-bottom:0px\" id=\"wpv-column-40988c1e9729c9f39946821f0afab9cc\" ><div class=\"team-member\">\n\t\t<div class=\"thumbnail\">\n\t\t\t\t\t<img width=\"215\" height=\"215\" src=\"https:\/\/gracadivina.com\/wp-content\/uploads\/2015\/12\/psta-laurinda.png\" class=\"attachment-full size-full\" alt=\"\" decoding=\"async\" loading=\"lazy\" srcset=\"https:\/\/gracadivina.com\/wp-content\/uploads\/2015\/12\/psta-laurinda.png 215w, https:\/\/gracadivina.com\/wp-content\/uploads\/2015\/12\/psta-laurinda-150x150.png 150w, https:\/\/gracadivina.com\/wp-content\/uploads\/2015\/12\/psta-laurinda-60x60.png 60w, https:\/\/gracadivina.com\/wp-content\/uploads\/2015\/12\/psta-laurinda-43x43.png 43w, https:\/\/gracadivina.com\/wp-content\/uploads\/2015\/12\/psta-laurinda-106x106.png 106w\" sizes=\"(max-width: 215px) 100vw, 215px\" \/>\t\t\t<\/div>\n\t\t<div class=\"team-member-info\">\n\t\t<h4>\n\t\t\t\t\t\t\tLaurinda Neto\t\t\t\t\t<\/h4>\n\t\t\t\t\t<h6 class=\"team-member-position\">Pastora<\/h6>\n\t\t\t\t\t\t\t\t<div class=\"share-icons clearfix\">\n\t\t\t\t\t<\/div>\n\t<\/div>\n<\/div>\n<\/div>\n<div class=\"wpv-grid grid-1-4  wpv-first-level unextended\" style=\"padding-top:0px;padding-bottom:0px\" id=\"wpv-column-8e38bfb0971373903658bb3a700de605\" ><div class=\"push\" style='height:30px'><\/div><\/div><\/div>\n<div class=\"row \"><div class=\"wpv-grid grid-1-1  wpv-first-level first unextended\" style=\"padding-top:0px;padding-bottom:0px\" id=\"wpv-column-af8c679376e02de1b992a6ca8ff7761f\" ><p>O Pastor Albertino Neto, L\u00edder do Minist\u00e9rio Gra\u00e7a Divina, \u00e9 o fundador e presidente com uma miss\u00e3o espec\u00edfica dada por Deus, para pastorear\u00a0homens e mulheres, criar e treinar disc\u00edpulos formando assim um ex\u00e9rcito que visa ganhar almas para o Reino de Deus. O Pastor Neto \u00e9 natural de S\u00e3o Tom\u00e9 e Pr\u00edncipe, com nacionalidade portuguesa, casado com Laurinda Neto e pai de 4 filhos. \u00c9 sem d\u00favida um Homem de Deus, ungido e com uma vis\u00e3o espec\u00edfica e nestes tempos dif\u00edceis, o mesmo tem mostrado uma habilidade em ouvir a\u00a0Voz de Deus, ensinando e revelando a Palavra com sinais e maravilhas.<\/p>\n<span class='icon shortcode  ' style='font-size:18px !important;color:#3e4043;'>&#57416;<\/span> <span class=\"versiculo\"> &#8220;O Esp\u00edrito do Soberano, o Senhor, est\u00e1 sobre mim, porque o Senhor ungiu-me para levar boas not\u00edcias aos pobres. Enviou-me para cuidar dos que est\u00e3o com o cora\u00e7\u00e3o quebrantado, anunciar liberdade aos cativos e liberta\u00e7\u00e3o das trevas aos prisioneiros,\u00a0para proclamar o ano da bondade do Senhor e o dia da vingan\u00e7a do nosso Deus; para consolar todos os que andam tristes e dar a todos os que choram em Si\u00e3o uma bela coroa em vez de cinzas, o \u00f3leo da alegria em vez de pranto e um manto de louvor em vez de esp\u00edrito deprimido. Eles ser\u00e3o chamados carvalhos de justi\u00e7a, plantio do Senhor, para manifesta\u00e7\u00e3o da sua gl\u00f3ria.&#8221; <sub>(Is 61:1-3)<\/sub><\/span><\/div><\/div>\n\t\t<h2 class=\"text-divider-double\">\t\t\t\nEstrutura\u00a0<div class=\"push\" style='height:15px'><\/div>\n\t\t<\/h2>\t\t<div class=\"sep\"><\/div>\t\n<div class=\"row \"><div class=\"wpv-grid grid-1-2  wpv-first-level first unextended animation-fade-in animated-active\" style=\"padding-top:0px;padding-bottom:0px\" id=\"wpv-column-c14499137c73624f1c3da87bf3b459df\" ><p style=\"text-align: center;\"><img decoding=\"async\" loading=\"lazy\" class=\"aligncenter wp-image-25617 size-full\" src=\"http:\/\/gracadivina.com\/wp-content\/uploads\/2015\/11\/piramide-estrutural.png\" alt=\"piramide estrutural\" width=\"1259\" height=\"818\" srcset=\"https:\/\/gracadivina.com\/wp-content\/uploads\/2015\/11\/piramide-estrutural.png 1259w, https:\/\/gracadivina.com\/wp-content\/uploads\/2015\/11\/piramide-estrutural-300x195.png 300w, https:\/\/gracadivina.com\/wp-content\/uploads\/2015\/11\/piramide-estrutural-1024x665.png 1024w, https:\/\/gracadivina.com\/wp-content\/uploads\/2015\/11\/piramide-estrutural-600x390.png 600w, https:\/\/gracadivina.com\/wp-content\/uploads\/2015\/11\/piramide-estrutural-1140x741.png 1140w, https:\/\/gracadivina.com\/wp-content\/uploads\/2015\/11\/piramide-estrutural-555x361.png 555w, https:\/\/gracadivina.com\/wp-content\/uploads\/2015\/11\/piramide-estrutural-360x234.png 360w, https:\/\/gracadivina.com\/wp-content\/uploads\/2015\/11\/piramide-estrutural-262x170.png 262w\" sizes=\"(max-width: 1259px) 100vw, 1259px\" \/><\/div>\n<div class=\"wpv-grid grid-1-2  wpv-first-level unextended animation-fade-in animated-active\" style=\"padding-top:0px;padding-bottom:0px\" id=\"wpv-column-cd8fa297f5c3d978a32cc664d74d30de\" ><p style=\"text-align: left;\"><div class=\"push\" style='height:20px'><\/div>\n<ul>\n<li style=\"text-align: left;\">Este minist\u00e9rio est\u00e1 assente nesta estrutura, onde o pilar mais forte \u00e9 o pastor l\u00edder que suporta os irm\u00e3os e novos convertidos que s\u00e3o a base da igreja. Da\u00ed o esfor\u00e7o e dedica\u00e7\u00e3o que os irm\u00e3os mais velhos d\u00e3o aos mais novos, em conformidade com o que Jesus fez tamb\u00e9m ao lavar os p\u00e9s aos disc\u00edpulos.<\/li>\n<\/ul>\n<ul>\n<li style=\"text-align: left;\">Existem v\u00e1rias hierarquias onde tem de haver autoridade e submiss\u00e3o mas acima de tudo o respeito e amizade de uns para com os outros.<\/li>\n<\/ul>\n<ul>\n<li style=\"text-align: left;\">Todos os\u00a0Pastores, Presb\u00edteros e Di\u00e1conos esfor\u00e7am-se por ter uma\u00a0vida p\u00fablica exemplar para que a sociedade reconhe\u00e7a em n\u00f3s o exemplo de Jesus Cristo.<\/li>\n<\/ul><\/div><\/div>\n","protected":false},"excerpt":{"rendered":"<p>O Pastor Albertino Neto, L\u00edder do Minist\u00e9rio Gra\u00e7a Divina, \u00e9 o fundador e presidente com uma miss\u00e3o espec\u00edfica dada por Deus, para pastorear\u00a0homens e mulheres, criar e treinar disc\u00edpulos formando assim um ex\u00e9rcito que visa ganhar almas para o Reino de Deus. O Pastor Neto \u00e9 natural de S\u00e3o Tom\u00e9 e Pr\u00edncipe, com nacionalidade portuguesa,&#8230;<\/p>\n","protected":false},"author":1,"featured_media":0,"parent":0,"menu_order":6,"comment_status":"closed","ping_status":"closed","template":"","meta":{"_mi_skip_tracking":false,"_exactmetrics_sitenote_active":false,"_exactmetrics_sitenote_note":"","_exactmetrics_sitenote_category":0},"yoast_head":"<!-- This site is optimized with the Yoast SEO plugin v20.2.1 - https:\/\/yoast.com\/wordpress\/plugins\/seo\/ -->\n<title>Lideran\u00e7a - Gra\u00e7a Divina<\/title>\n<meta name=\"description\" content=\"O pastor Albertino Neto \u00e9 o L\u00edder do minist\u00e9rio Gra\u00e7a Divina.\" \/>\n<meta name=\"robots\" content=\"index, follow, max-snippet:-1, max-image-preview:large, max-video-preview:-1\" \/>\n<link rel=\"canonical\" href=\"https:\/\/gracadivina.com\/index.php\/lideranca\/\" \/>\n<meta property=\"og:locale\" content=\"pt_PT\" \/>\n<meta property=\"og:type\" content=\"article\" \/>\n<meta property=\"og:title\" content=\"Lideran\u00e7a - Gra\u00e7a Divina\" \/>\n<meta property=\"og:description\" content=\"O pastor Albertino Neto \u00e9 o L\u00edder do minist\u00e9rio Gra\u00e7a Divina.\" \/>\n<meta property=\"og:url\" content=\"https:\/\/gracadivina.com\/index.php\/lideranca\/\" \/>\n<meta property=\"og:site_name\" content=\"Gra\u00e7a Divina\" \/>\n<meta property=\"article:modified_time\" content=\"2015-12-03T22:36:57+00:00\" \/>\n<meta property=\"og:image\" content=\"http:\/\/gracadivina.com\/wp-content\/uploads\/2015\/11\/piramide-estrutural.png\" \/>\n<meta name=\"twitter:card\" content=\"summary_large_image\" \/>\n<meta name=\"twitter:label1\" content=\"Tempo estimado de leitura\" \/>\n\t<meta name=\"twitter:data1\" content=\"3 minutos\" \/>\n<script type=\"application\/ld+json\" class=\"yoast-schema-graph\">{\"@context\":\"https:\/\/schema.org\",\"@graph\":[{\"@type\":\"WebPage\",\"@id\":\"https:\/\/gracadivina.com\/index.php\/lideranca\/\",\"url\":\"https:\/\/gracadivina.com\/index.php\/lideranca\/\",\"name\":\"Lideran\u00e7a - Gra\u00e7a Divina\",\"isPartOf\":{\"@id\":\"https:\/\/gracadivina.com\/#website\"},\"datePublished\":\"2013-03-22T14:33:34+00:00\",\"dateModified\":\"2015-12-03T22:36:57+00:00\",\"description\":\"O pastor Albertino Neto \u00e9 o L\u00edder do minist\u00e9rio Gra\u00e7a Divina.\",\"breadcrumb\":{\"@id\":\"https:\/\/gracadivina.com\/index.php\/lideranca\/#breadcrumb\"},\"inLanguage\":\"pt-PT\",\"potentialAction\":[{\"@type\":\"ReadAction\",\"target\":[\"https:\/\/gracadivina.com\/index.php\/lideranca\/\"]}]},{\"@type\":\"BreadcrumbList\",\"@id\":\"https:\/\/gracadivina.com\/index.php\/lideranca\/#breadcrumb\",\"itemListElement\":[{\"@type\":\"ListItem\",\"position\":1,\"name\":\"Home\",\"item\":\"https:\/\/gracadivina.com\/\"},{\"@type\":\"ListItem\",\"position\":2,\"name\":\"Lideran\u00e7a\"}]},{\"@type\":\"WebSite\",\"@id\":\"https:\/\/gracadivina.com\/#website\",\"url\":\"https:\/\/gracadivina.com\/\",\"name\":\"Gra\u00e7a Divina\",\"description\":\"Igreja evang\u00e9lica\",\"potentialAction\":[{\"@type\":\"SearchAction\",\"target\":{\"@type\":\"EntryPoint\",\"urlTemplate\":\"https:\/\/gracadivina.com\/?s={search_term_string}\"},\"query-input\":\"required name=search_term_string\"}],\"inLanguage\":\"pt-PT\"}]}<\/script>\n<!-- \/ Yoast SEO plugin. -->","yoast_head_json":{"title":"Lideran\u00e7a - Gra\u00e7a Divina","description":"O pastor Albertino Neto \u00e9 o L\u00edder do minist\u00e9rio Gra\u00e7a Divina.","robots":{"index":"index","follow":"follow","max-snippet":"max-snippet:-1","max-image-preview":"max-image-preview:large","max-video-preview":"max-video-preview:-1"},"canonical":"https:\/\/gracadivina.com\/index.php\/lideranca\/","og_locale":"pt_PT","og_type":"article","og_title":"Lideran\u00e7a - Gra\u00e7a Divina","og_description":"O pastor Albertino Neto \u00e9 o L\u00edder do minist\u00e9rio Gra\u00e7a Divina.","og_url":"https:\/\/gracadivina.com\/index.php\/lideranca\/","og_site_name":"Gra\u00e7a Divina","article_modified_time":"2015-12-03T22:36:57+00:00","og_image":[{"url":"http:\/\/gracadivina.com\/wp-content\/uploads\/2015\/11\/piramide-estrutural.png"}],"twitter_card":"summary_large_image","twitter_misc":{"Tempo estimado de leitura":"3 minutos"},"schema":{"@context":"https:\/\/schema.org","@graph":[{"@type":"WebPage","@id":"https:\/\/gracadivina.com\/index.php\/lideranca\/","url":"https:\/\/gracadivina.com\/index.php\/lideranca\/","name":"Lideran\u00e7a - Gra\u00e7a Divina","isPartOf":{"@id":"https:\/\/gracadivina.com\/#website"},"datePublished":"2013-03-22T14:33:34+00:00","dateModified":"2015-12-03T22:36:57+00:00","description":"O pastor Albertino Neto \u00e9 o L\u00edder do minist\u00e9rio Gra\u00e7a Divina.","breadcrumb":{"@id":"https:\/\/gracadivina.com\/index.php\/lideranca\/#breadcrumb"},"inLanguage":"pt-PT","potentialAction":[{"@type":"ReadAction","target":["https:\/\/gracadivina.com\/index.php\/lideranca\/"]}]},{"@type":"BreadcrumbList","@id":"https:\/\/gracadivina.com\/index.php\/lideranca\/#breadcrumb","itemListElement":[{"@type":"ListItem","position":1,"name":"Home","item":"https:\/\/gracadivina.com\/"},{"@type":"ListItem","position":2,"name":"Lideran\u00e7a"}]},{"@type":"WebSite","@id":"https:\/\/gracadivina.com\/#website","url":"https:\/\/gracadivina.com\/","name":"Gra\u00e7a Divina","description":"Igreja evang\u00e9lica","potentialAction":[{"@type":"SearchAction","target":{"@type":"EntryPoint","urlTemplate":"https:\/\/gracadivina.com\/?s={search_term_string}"},"query-input":"required name=search_term_string"}],"inLanguage":"pt-PT"}]}},"_links":{"self":[{"href":"https:\/\/gracadivina.com\/index.php\/wp-json\/wp\/v2\/pages\/40"}],"collection":[{"href":"https:\/\/gracadivina.com\/index.php\/wp-json\/wp\/v2\/pages"}],"about":[{"href":"https:\/\/gracadivina.com\/index.php\/wp-json\/wp\/v2\/types\/page"}],"author":[{"embeddable":true,"href":"https:\/\/gracadivina.com\/index.php\/wp-json\/wp\/v2\/users\/1"}],"replies":[{"embeddable":true,"href":"https:\/\/gracadivina.com\/index.php\/wp-json\/wp\/v2\/comments?post=40"}],"version-history":[{"count":45,"href":"https:\/\/gracadivina.com\/index.php\/wp-json\/wp\/v2\/pages\/40\/revisions"}],"predecessor-version":[{"id":25701,"href":"https:\/\/gracadivina.com\/index.php\/wp-json\/wp\/v2\/pages\/40\/revisions\/25701"}],"wp:attachment":[{"href":"https:\/\/gracadivina.com\/index.php\/wp-json\/wp\/v2\/media?parent=40"}],"curies":[{"name":"wp","href":"https:\/\/api.w.org\/{rel}","templated":true}]}}