{"id":37,"date":"2013-03-22T13:33:11","date_gmt":"2013-03-22T13:33:11","guid":{"rendered":"http:\/\/church-event.vamtam.com\/?page_id=30"},"modified":"2015-11-22T00:26:33","modified_gmt":"2015-11-22T00:26:33","slug":"quem-somos","status":"publish","type":"page","link":"https:\/\/gracadivina.com\/index.php\/quem-somos\/","title":{"rendered":"Quem Somos"},"content":{"rendered":"<div class=\"row \"><div class=\"wpv-grid grid-1-1  wpv-first-level first unextended\" style=\"padding-top:0px;padding-bottom:0px\" id=\"wpv-column-87eea53e22a1dce03fe703df01ea74bd\" ><p class=\"aLF-aPX-K0-aPE aLF-aPX-aLK-ayr-auR\">Somos um grupo de pessoas que acredita em Jesus Cristo como \u00fanico Deus, Senhor e Salvador. Temos a B\u00edblia como nosso \u00fanico Guia, de onde retiramos os ensinamentos para uma vida plena com Deus. Como disc\u00edpulos procuramos buscar o Seu car\u00e1ter e santidade.<\/p>\n<p>O Minist\u00e9rio Gra\u00e7a Divina \u00e9 formado por\u00a0um conjunto de pessoas nascidos de novo em Cristo, com o objectivo principal de seguir as sua pisadas,\u00a0adquirindo o seu car\u00e1ter e santidade.<\/p>\n<span class='icon shortcode  ' style='font-size:18px !important;color:#3e4043;'>&#57416;<\/span>\u00a0<span class=\"versiculo\"> Portanto, se algu\u00e9m est\u00e1 em Cristo, \u00e9 nova cria\u00e7\u00e3o. As coisas antigas j\u00e1 passaram; eis que surgiram coisas novas! <sub>(2 Cor 5:17)<\/sub><\/span><\/p>\n<p>Temos Deus como nosso Pai.<\/p>\n<span class='icon shortcode  ' style='font-size:18px !important;color:#3e4043;'>&#57416;<\/span> <span class=\"versiculo\">e serei o seu Pai, e voc\u00eas ser\u00e3o meus filhos e minhas filhas&#8221;, diz o Senhor todo-poderoso. <sub>(2 Cor 6:18)<\/sub><\/span><\/p>\n<p>Temos\u00a0uma Escola B\u00edblica, funcionando s\u00f3 para membros da Igreja, onde o ensino \u00e9 baseado na Palavra de Deus, formando novos L\u00edderes, para que haja mais disc\u00edpulos a fim de cumprir o plano de Deus.<\/p>\n<p><img decoding=\"async\" loading=\"lazy\" class=\"alignleft wp-image-25172\" src=\"http:\/\/gracadivina.com\/wp-content\/uploads\/2015\/09\/LOGO-GRACA-DIVINA-BOX-222x300.png\" alt=\"LOGO GRACA DIVINA BOX\" width=\"143\" height=\"193\" \/>Este \u00e9 o\u00a0nosso logo que expressa bem a nossa identidade.<br \/>\n\u00c9 formado por\u00a0uma espada, um escudo e uma pomba.<br \/>\nA espada e o escudo s\u00e3o elementos fundamentais para uma batalha e a b\u00edblia fala deles na luta que temos de travar contra o nosso inimigo.<\/p>\n<span class='icon shortcode  ' style='font-size:18px !important;color:#3e4043;'>&#57416;<\/span> <span class=\"versiculo\"> Portanto, tomai toda a armadura de Deus, para que possais resistir no dia mau e, havendo feito tudo, ficar firmes.<br \/>\nTomando sobretudo o escudo da f\u00e9, com o qual podereis apagar todos os dardos inflamados do maligno.<br \/>\nTomai tamb\u00e9m o capacete da salva\u00e7\u00e3o, e a espada do Esp\u00edrito, que \u00e9 a palavra de Deus <sub>(Ef 6:13,16,17)<\/sub><\/span><\/p>\n<p>A pomba \u00e9 um dos s\u00edmbolos do Esp\u00edrito Santo, a 3\u00aa pessoa de Deus, e sem Ele, o\u00a0nosso esfor\u00e7o \u00e9 em v\u00e3o.<\/p>\n<span class='icon shortcode  ' style='font-size:18px !important;color:#3e4043;'>&#57416;<\/span> <span class=\"versiculo\"> Se o SENHOR n\u00e3o edificar a casa, em v\u00e3o trabalham os que a edificam; <sub>(Sm 127:1)<\/sub><\/span><\/p>\n<p>Por isso, damos \u00eanfase ao Esp\u00edrito Santo e permitimos que ele conduza os cultos operando consoante a sua vontade. S\u00f3 a un\u00e7\u00e3o de Deus pode transformar a vida de algu\u00e9m e jamais a pessoa ser\u00e1 a mesma.<\/p>\n<span class='icon shortcode  ' style='font-size:18px !important;color:#3e4043;'>&#57416;<\/span> <span class=\"versiculo\"> &#8230;porque a letra mata e o esp\u00edrito vivifica. <sub>(2 Cor 3:6)<\/sub><\/span><\/p>\n<p>Este \u00e9 um minist\u00e9rio de luta contra as for\u00e7as do mal e do pecado.<br \/>\nDeus nos d\u00e1 v\u00e1rias armas para enfrentar as adversidades, e uma delas \u00e9 a Palavra de Deus, que vivida em f\u00e9, protege a pessoa.<\/div><\/div>\n<div class=\"sep\"><\/div>\n<div class=\"row \"><div class=\"wpv-grid grid-1-1  wpv-first-level first unextended animation-from-left animated-active\" style=\"padding-top:10px;padding-bottom:40px\" id=\"wpv-column-bb1d7e59ec35cce602f6bd6009000692\" ><div class=\"row \"><div class=\"wpv-grid grid-1-2  first unextended animation-from-right animated-active\" style=\"padding-top:0px;padding-bottom:0px\" id=\"wpv-column-980dddc2fbb4c2fddf759985ada2b464\" ><h1 style=\"text-align: center;\"><span class='icon shortcode theme ' style='font-size:50px !important;color:#008dff;'>&#57466;<\/span><\/h1>\n<h2 style=\"text-align: center;\">Cren\u00e7a<\/h2>\n<div class=\"push\" style='height:10px'><\/div>\n<p class=\"aLF-aPX-K0-aPE aLF-aPX-aLK-ayr-auR\">Acreditamos na B\u00edblia como sendo a \u00fanica Palavra de Deus e na Sua Trindade &#8211; Pai, como o Todo Poderoso Criador dos C\u00e9us, da terra e tudo quanto neles h\u00e1; Filho, \u00danico caminho, Verdade e Vida para a salva\u00e7\u00e3o da humanidade; e Esp\u00edrito Santo, Poder e Virtude de Deus para a cura e liberta\u00e7\u00e3o do Homem.<\/p>\n<p>\u00a0<div class=\"push\" style='height:10px'><\/div><\/div>\n<div class=\"wpv-grid grid-1-2  unextended animation-from-left animated-active\" style=\"padding-top:0px;padding-bottom:0px\" id=\"wpv-column-366a57313fe295526c8306ec16339e8c\" ><h1 style=\"text-align: center;\"><span class='icon shortcode theme ' style='font-size:50px !important;color:#008dff;'>&#57564;<\/span><\/h1>\n<h2 style=\"text-align: center;\">Vis\u00e3o<\/h2>\n<div class=\"push\" style='height:10px'><\/div>\n<p class=\"aLF-aPX-K0-aPE aLF-aPX-aLK-ayr-auR\">Abrir igrejas para espalhar o Evangelho de Jesus Cristo.<br \/>\nLibertar pessoas de doen\u00e7as, de problemas e do poder do oculto.<br \/>\nPreparar homens e mulheres para serem disc\u00edpulos e mensageiros da palavra de Deus.<\/p>\n<p class=\"aLF-aPX-K0-aPE aLF-aPX-aLK-ayr-auR\">&#8220;E disse-lhes: &#8220;V\u00e3o pelo mundo todo e preguem o evangelho a todas as pessoas. Quem crer e for batizado ser\u00e1 salvo, mas quem n\u00e3o crer ser\u00e1 condenado. Estes sinais acompanhar\u00e3o os que crerem: em meu nome expulsar\u00e3o dem\u00f4nios; falar\u00e3o novas l\u00ednguas; pegar\u00e3o em serpentes; e, se beberem algum veneno mortal, n\u00e3o lhes far\u00e1 mal nenhum; impor\u00e3o as m\u00e3os sobre os doentes, e estes ficar\u00e3o curados&#8221; (Marcos 16:15-18)<\/p>\n<div class=\"push\" style='height:10px'><\/div><\/div><\/div><\/div><\/div>\n","protected":false},"excerpt":{"rendered":"<p>Somos um grupo de pessoas que acredita em Jesus Cristo como \u00fanico Deus, Senhor e Salvador. Temos a B\u00edblia como nosso \u00fanico Guia, de onde retiramos os ensinamentos para uma vida plena com Deus. Como disc\u00edpulos procuramos buscar o Seu car\u00e1ter e santidade. O Minist\u00e9rio Gra\u00e7a Divina \u00e9 formado por\u00a0um conjunto de pessoas nascidos de&#8230;<\/p>\n","protected":false},"author":1,"featured_media":0,"parent":0,"menu_order":2,"comment_status":"closed","ping_status":"closed","template":"","meta":{"_mi_skip_tracking":false,"_exactmetrics_sitenote_active":false,"_exactmetrics_sitenote_note":"","_exactmetrics_sitenote_category":0},"yoast_head":"<!-- This site is optimized with the Yoast SEO plugin v20.2.1 - https:\/\/yoast.com\/wordpress\/plugins\/seo\/ -->\n<title>Quem Somos - Gra\u00e7a Divina<\/title>\n<meta name=\"robots\" content=\"index, follow, max-snippet:-1, max-image-preview:large, max-video-preview:-1\" \/>\n<link rel=\"canonical\" href=\"https:\/\/gracadivina.com\/index.php\/quem-somos\/\" \/>\n<meta property=\"og:locale\" content=\"pt_PT\" \/>\n<meta property=\"og:type\" content=\"article\" \/>\n<meta property=\"og:title\" content=\"Quem Somos - Gra\u00e7a Divina\" \/>\n<meta property=\"og:url\" content=\"https:\/\/gracadivina.com\/index.php\/quem-somos\/\" \/>\n<meta property=\"og:site_name\" content=\"Gra\u00e7a Divina\" \/>\n<meta property=\"article:modified_time\" content=\"2015-11-22T00:26:33+00:00\" \/>\n<meta property=\"og:image\" content=\"http:\/\/gracadivina.com\/wp-content\/uploads\/2015\/09\/LOGO-GRACA-DIVINA-BOX-222x300.png\" \/>\n<meta name=\"twitter:card\" content=\"summary_large_image\" \/>\n<meta name=\"twitter:label1\" content=\"Tempo estimado de leitura\" \/>\n\t<meta name=\"twitter:data1\" content=\"4 minutos\" \/>\n<script type=\"application\/ld+json\" class=\"yoast-schema-graph\">{\"@context\":\"https:\/\/schema.org\",\"@graph\":[{\"@type\":\"WebPage\",\"@id\":\"https:\/\/gracadivina.com\/index.php\/quem-somos\/\",\"url\":\"https:\/\/gracadivina.com\/index.php\/quem-somos\/\",\"name\":\"Quem Somos - Gra\u00e7a Divina\",\"isPartOf\":{\"@id\":\"https:\/\/gracadivina.com\/#website\"},\"datePublished\":\"2013-03-22T13:33:11+00:00\",\"dateModified\":\"2015-11-22T00:26:33+00:00\",\"breadcrumb\":{\"@id\":\"https:\/\/gracadivina.com\/index.php\/quem-somos\/#breadcrumb\"},\"inLanguage\":\"pt-PT\",\"potentialAction\":[{\"@type\":\"ReadAction\",\"target\":[\"https:\/\/gracadivina.com\/index.php\/quem-somos\/\"]}]},{\"@type\":\"BreadcrumbList\",\"@id\":\"https:\/\/gracadivina.com\/index.php\/quem-somos\/#breadcrumb\",\"itemListElement\":[{\"@type\":\"ListItem\",\"position\":1,\"name\":\"Home\",\"item\":\"https:\/\/gracadivina.com\/\"},{\"@type\":\"ListItem\",\"position\":2,\"name\":\"Quem Somos\"}]},{\"@type\":\"WebSite\",\"@id\":\"https:\/\/gracadivina.com\/#website\",\"url\":\"https:\/\/gracadivina.com\/\",\"name\":\"Gra\u00e7a Divina\",\"description\":\"Igreja evang\u00e9lica\",\"potentialAction\":[{\"@type\":\"SearchAction\",\"target\":{\"@type\":\"EntryPoint\",\"urlTemplate\":\"https:\/\/gracadivina.com\/?s={search_term_string}\"},\"query-input\":\"required name=search_term_string\"}],\"inLanguage\":\"pt-PT\"}]}<\/script>\n<!-- \/ Yoast SEO plugin. -->","yoast_head_json":{"title":"Quem Somos - Gra\u00e7a Divina","robots":{"index":"index","follow":"follow","max-snippet":"max-snippet:-1","max-image-preview":"max-image-preview:large","max-video-preview":"max-video-preview:-1"},"canonical":"https:\/\/gracadivina.com\/index.php\/quem-somos\/","og_locale":"pt_PT","og_type":"article","og_title":"Quem Somos - Gra\u00e7a Divina","og_url":"https:\/\/gracadivina.com\/index.php\/quem-somos\/","og_site_name":"Gra\u00e7a Divina","article_modified_time":"2015-11-22T00:26:33+00:00","og_image":[{"url":"http:\/\/gracadivina.com\/wp-content\/uploads\/2015\/09\/LOGO-GRACA-DIVINA-BOX-222x300.png"}],"twitter_card":"summary_large_image","twitter_misc":{"Tempo estimado de leitura":"4 minutos"},"schema":{"@context":"https:\/\/schema.org","@graph":[{"@type":"WebPage","@id":"https:\/\/gracadivina.com\/index.php\/quem-somos\/","url":"https:\/\/gracadivina.com\/index.php\/quem-somos\/","name":"Quem Somos - Gra\u00e7a Divina","isPartOf":{"@id":"https:\/\/gracadivina.com\/#website"},"datePublished":"2013-03-22T13:33:11+00:00","dateModified":"2015-11-22T00:26:33+00:00","breadcrumb":{"@id":"https:\/\/gracadivina.com\/index.php\/quem-somos\/#breadcrumb"},"inLanguage":"pt-PT","potentialAction":[{"@type":"ReadAction","target":["https:\/\/gracadivina.com\/index.php\/quem-somos\/"]}]},{"@type":"BreadcrumbList","@id":"https:\/\/gracadivina.com\/index.php\/quem-somos\/#breadcrumb","itemListElement":[{"@type":"ListItem","position":1,"name":"Home","item":"https:\/\/gracadivina.com\/"},{"@type":"ListItem","position":2,"name":"Quem Somos"}]},{"@type":"WebSite","@id":"https:\/\/gracadivina.com\/#website","url":"https:\/\/gracadivina.com\/","name":"Gra\u00e7a Divina","description":"Igreja evang\u00e9lica","potentialAction":[{"@type":"SearchAction","target":{"@type":"EntryPoint","urlTemplate":"https:\/\/gracadivina.com\/?s={search_term_string}"},"query-input":"required name=search_term_string"}],"inLanguage":"pt-PT"}]}},"_links":{"self":[{"href":"https:\/\/gracadivina.com\/index.php\/wp-json\/wp\/v2\/pages\/37"}],"collection":[{"href":"https:\/\/gracadivina.com\/index.php\/wp-json\/wp\/v2\/pages"}],"about":[{"href":"https:\/\/gracadivina.com\/index.php\/wp-json\/wp\/v2\/types\/page"}],"author":[{"embeddable":true,"href":"https:\/\/gracadivina.com\/index.php\/wp-json\/wp\/v2\/users\/1"}],"replies":[{"embeddable":true,"href":"https:\/\/gracadivina.com\/index.php\/wp-json\/wp\/v2\/comments?post=37"}],"version-history":[{"count":76,"href":"https:\/\/gracadivina.com\/index.php\/wp-json\/wp\/v2\/pages\/37\/revisions"}],"predecessor-version":[{"id":25692,"href":"https:\/\/gracadivina.com\/index.php\/wp-json\/wp\/v2\/pages\/37\/revisions\/25692"}],"wp:attachment":[{"href":"https:\/\/gracadivina.com\/index.php\/wp-json\/wp\/v2\/media?parent=37"}],"curies":[{"name":"wp","href":"https:\/\/api.w.org\/{rel}","templated":true}]}}