{"id":25447,"date":"2015-10-22T17:11:20","date_gmt":"2015-10-22T17:11:20","guid":{"rendered":"http:\/\/gracadivina.com\/?page_id=25447"},"modified":"2015-11-15T19:17:52","modified_gmt":"2015-11-15T19:17:52","slug":"artigos","status":"publish","type":"page","link":"https:\/\/gracadivina.com\/index.php\/artigos\/","title":{"rendered":"Artigos"},"content":{"rendered":"<div class=\"row \"><div class=\"wpv-grid grid-1-1  wpv-first-level first unextended\" style=\"padding-top:0px;padding-bottom:0px\" id=\"wpv-column-2f2bcad0b74349b5c78b6291f270c9a4\" ><div class=\"loop-wrapper clearfix news row masonry not-paginated vamtam-cubeportfolio cbp\" data-columns=\"2\"  data-options=\"{&quot;layoutMode&quot;:&quot;mosaic&quot;,&quot;sortToPreventGaps&quot;:true,&quot;defaultFilter&quot;:&quot;*&quot;,&quot;animationType&quot;:&quot;quicksand&quot;,&quot;gapHorizontal&quot;:30,&quot;gapVertical&quot;:30,&quot;gridAdjustment&quot;:&quot;responsive&quot;,&quot;mediaQueries&quot;:[{&quot;width&quot;:555,&quot;cols&quot;:2},{&quot;width&quot;:262.5,&quot;cols&quot;:1}],&quot;displayType&quot;:&quot;bottomToTop&quot;,&quot;displayTypeSpeed&quot;:100}\">\n\t\t<div class=\"page-content post-header grid-1-2 clearboth list-item cbp-item post-25885 post type-post status-publish format-standard hentry category-artigos tag-aguia tag-cristao tag-deus tag-divina tag-graca tag-igreja tag-jesus tag-ministerio tag-neto tag-pastor\" >\n\t\t\t<div>\n\t\t\t\t<div class=\"post-article no-image-wrapper \">\n\t<div class=\"standard-post-format clearfix as-normal as-standard-post-format\">\n\t\t\n\t<div class=\"post-content-wrapper\">\n\t\t\t<div class=\"post-actions-wrapper\">\n\t\t\t\t\n<div class=\"post-date\">\n\t\t\t<span class=\"top-part\">\n\t\t\t30\t\t<\/span>\n\t\t<span class=\"bottom-part\">\n\t\t\t03 '20\t\t<\/span>\n\t<\/div>\t\t\t\t\n<div class=\"post-actions\">\n\t\t\t\t\t\t<div class=\"comment-count\">\n\t\t\t\t<a href=\"https:\/\/gracadivina.com\/index.php\/2020\/03\/30\/cristao-aguia\/#respond\">0 <span class=\"comment-word\">Comments<\/span><\/a>\t\t\t<\/div>\n\t\t\n\t\t\t\t\t<div class=\"love-count-outer\">\n\t\t\t\t<div class=\"love-it-wrapper\"><a href=\"#\" class=\"love-it\" data-post-id=\"25885\" data-user-id=\"0\"><span class=\"visuallyhidden\">Love it<\/span><\/a> <span class=\"love-count\">0<\/span><\/div>\t\t\t<\/div>\n\t\t\n\t\t\t<\/div>\t\t\t<\/div>\n\t\t\t<div class=\"post-right\">\n\t\t\t\t<div class=\"post-content-outer\">\n\t\t\t\t\t\t\t<header class=\"single\">\n\t\t\t<div class=\"content\">\n\t\t\t\t<h4>\n\t\t\t\t\t<a href=\"https:\/\/gracadivina.com\/index.php\/2020\/03\/30\/cristao-aguia\/\" title=\"Crist\u00e3o \u00c1guia\" class=\"entry-title\">Crist\u00e3o \u00c1guia<\/a>\n\t\t\t\t<\/h4>\n\t\t\t<\/div>\n\t\t<\/header>\n\t<p>Deus muitas vezes comporta-se como uma \u00e1guia em rela\u00e7\u00e3o aos seus filhos e n\u00e3o compreendemos o seu agir mas as suas asas est\u00e3o sempre sobre n\u00f3s.<\/p>\n\t\t\t\t<\/div>\n\t\t\t<\/div>\n\t<\/div>\n\t<\/div>\n<\/div>\n\t\t\t<\/div>\n\t\t<\/div>\n\t\t<div class=\"page-content post-header grid-1-2 list-item cbp-item post-25862 post type-post status-publish format-standard hentry category-artigos\" >\n\t\t\t<div>\n\t\t\t\t<div class=\"post-article no-image-wrapper \">\n\t<div class=\"standard-post-format clearfix as-normal as-standard-post-format\">\n\t\t\n\t<div class=\"post-content-wrapper\">\n\t\t\t<div class=\"post-actions-wrapper\">\n\t\t\t\t\n<div class=\"post-date\">\n\t\t\t<span class=\"top-part\">\n\t\t\t25\t\t<\/span>\n\t\t<span class=\"bottom-part\">\n\t\t\t05 '18\t\t<\/span>\n\t<\/div>\t\t\t\t\n<div class=\"post-actions\">\n\t\t\t\t\t\t<div class=\"comment-count\">\n\t\t\t\t<a href=\"https:\/\/gracadivina.com\/index.php\/2018\/05\/25\/tabernaculo3\/#respond\">0 <span class=\"comment-word\">Comments<\/span><\/a>\t\t\t<\/div>\n\t\t\n\t\t\t\t\t<div class=\"love-count-outer\">\n\t\t\t\t<div class=\"love-it-wrapper\"><a href=\"#\" class=\"love-it\" data-post-id=\"25862\" data-user-id=\"0\"><span class=\"visuallyhidden\">Love it<\/span><\/a> <span class=\"love-count\">0<\/span><\/div>\t\t\t<\/div>\n\t\t\n\t\t\t<\/div>\t\t\t<\/div>\n\t\t\t<div class=\"post-right\">\n\t\t\t\t<div class=\"post-content-outer\">\n\t\t\t\t\t\t\t<header class=\"single\">\n\t\t\t<div class=\"content\">\n\t\t\t\t<h4>\n\t\t\t\t\t<a href=\"https:\/\/gracadivina.com\/index.php\/2018\/05\/25\/tabernaculo3\/\" title=\"Tabern\u00e1culo (parte3)\" class=\"entry-title\">Tabern\u00e1culo (parte3)<\/a>\n\t\t\t\t<\/h4>\n\t\t\t<\/div>\n\t\t<\/header>\n\t<p>\u00daltima parte do estudo do tabern\u00e1culo<\/p>\n\t\t\t\t<\/div>\n\t\t\t<\/div>\n\t<\/div>\n\t<\/div>\n<\/div>\n\t\t\t<\/div>\n\t\t<\/div>\n\t\t<div class=\"page-content post-header grid-1-2 clearboth list-item cbp-item post-25859 post type-post status-publish format-standard hentry category-artigos\" >\n\t\t\t<div>\n\t\t\t\t<div class=\"post-article no-image-wrapper \">\n\t<div class=\"standard-post-format clearfix as-normal as-standard-post-format\">\n\t\t\n\t<div class=\"post-content-wrapper\">\n\t\t\t<div class=\"post-actions-wrapper\">\n\t\t\t\t\n<div class=\"post-date\">\n\t\t\t<span class=\"top-part\">\n\t\t\t25\t\t<\/span>\n\t\t<span class=\"bottom-part\">\n\t\t\t05 '18\t\t<\/span>\n\t<\/div>\t\t\t\t\n<div class=\"post-actions\">\n\t\t\t\t\t\t<div class=\"comment-count\">\n\t\t\t\t<a href=\"https:\/\/gracadivina.com\/index.php\/2018\/05\/25\/tabernaculo2\/#respond\">0 <span class=\"comment-word\">Comments<\/span><\/a>\t\t\t<\/div>\n\t\t\n\t\t\t\t\t<div class=\"love-count-outer\">\n\t\t\t\t<div class=\"love-it-wrapper\"><a href=\"#\" class=\"love-it\" data-post-id=\"25859\" data-user-id=\"0\"><span class=\"visuallyhidden\">Love it<\/span><\/a> <span class=\"love-count\">0<\/span><\/div>\t\t\t<\/div>\n\t\t\n\t\t\t<\/div>\t\t\t<\/div>\n\t\t\t<div class=\"post-right\">\n\t\t\t\t<div class=\"post-content-outer\">\n\t\t\t\t\t\t\t<header class=\"single\">\n\t\t\t<div class=\"content\">\n\t\t\t\t<h4>\n\t\t\t\t\t<a href=\"https:\/\/gracadivina.com\/index.php\/2018\/05\/25\/tabernaculo2\/\" title=\"Tabern\u00e1culo (parte2)\" class=\"entry-title\">Tabern\u00e1culo (parte2)<\/a>\n\t\t\t\t<\/h4>\n\t\t\t<\/div>\n\t\t<\/header>\n\t<p>Segunda parte do estudo do tabern\u00e1culo<\/p>\n\t\t\t\t<\/div>\n\t\t\t<\/div>\n\t<\/div>\n\t<\/div>\n<\/div>\n\t\t\t<\/div>\n\t\t<\/div>\n\t\t<div class=\"page-content post-header grid-1-2 list-item cbp-item post-25853 post type-post status-publish format-standard hentry category-artigos\" >\n\t\t\t<div>\n\t\t\t\t<div class=\"post-article no-image-wrapper \">\n\t<div class=\"standard-post-format clearfix as-normal as-standard-post-format\">\n\t\t\n\t<div class=\"post-content-wrapper\">\n\t\t\t<div class=\"post-actions-wrapper\">\n\t\t\t\t\n<div class=\"post-date\">\n\t\t\t<span class=\"top-part\">\n\t\t\t25\t\t<\/span>\n\t\t<span class=\"bottom-part\">\n\t\t\t05 '18\t\t<\/span>\n\t<\/div>\t\t\t\t\n<div class=\"post-actions\">\n\t\t\t\t\t\t<div class=\"comment-count\">\n\t\t\t\t<a href=\"https:\/\/gracadivina.com\/index.php\/2018\/05\/25\/tabernaculo1\/#respond\">0 <span class=\"comment-word\">Comments<\/span><\/a>\t\t\t<\/div>\n\t\t\n\t\t\t\t\t<div class=\"love-count-outer\">\n\t\t\t\t<div class=\"love-it-wrapper\"><a href=\"#\" class=\"love-it\" data-post-id=\"25853\" data-user-id=\"0\"><span class=\"visuallyhidden\">Love it<\/span><\/a> <span class=\"love-count\">0<\/span><\/div>\t\t\t<\/div>\n\t\t\n\t\t\t<\/div>\t\t\t<\/div>\n\t\t\t<div class=\"post-right\">\n\t\t\t\t<div class=\"post-content-outer\">\n\t\t\t\t\t\t\t<header class=\"single\">\n\t\t\t<div class=\"content\">\n\t\t\t\t<h4>\n\t\t\t\t\t<a href=\"https:\/\/gracadivina.com\/index.php\/2018\/05\/25\/tabernaculo1\/\" title=\"Tabern\u00e1culo (parte1)\" class=\"entry-title\">Tabern\u00e1culo (parte1)<\/a>\n\t\t\t\t<\/h4>\n\t\t\t<\/div>\n\t\t<\/header>\n\t<p>Primeira parte de uma s\u00e9rie de estudos sobre o tabern\u00e1culo.<\/p>\n\t\t\t\t<\/div>\n\t\t\t<\/div>\n\t<\/div>\n\t<\/div>\n<\/div>\n\t\t\t<\/div>\n\t\t<\/div>\n\t\t<div class=\"page-content post-header grid-1-2 clearboth list-item cbp-item post-25831 post type-post status-publish format-standard hentry category-artigos tag-deus tag-escolha tag-fe tag-graca tag-jesus tag-lei tag-salvacao\" >\n\t\t\t<div>\n\t\t\t\t<div class=\"post-article no-image-wrapper \">\n\t<div class=\"standard-post-format clearfix as-normal as-standard-post-format\">\n\t\t\n\t<div class=\"post-content-wrapper\">\n\t\t\t<div class=\"post-actions-wrapper\">\n\t\t\t\t\n<div class=\"post-date\">\n\t\t\t<span class=\"top-part\">\n\t\t\t24\t\t<\/span>\n\t\t<span class=\"bottom-part\">\n\t\t\t10 '17\t\t<\/span>\n\t<\/div>\t\t\t\t\n<div class=\"post-actions\">\n\t\t\t\t\t\t<div class=\"comment-count\">\n\t\t\t\t<a href=\"https:\/\/gracadivina.com\/index.php\/2017\/10\/24\/a-escolha-lei-e-obras-ou-fe-e-graca\/#respond\">0 <span class=\"comment-word\">Comments<\/span><\/a>\t\t\t<\/div>\n\t\t\n\t\t\t\t\t<div class=\"love-count-outer\">\n\t\t\t\t<div class=\"love-it-wrapper\"><a href=\"#\" class=\"love-it\" data-post-id=\"25831\" data-user-id=\"0\"><span class=\"visuallyhidden\">Love it<\/span><\/a> <span class=\"love-count\">0<\/span><\/div>\t\t\t<\/div>\n\t\t\n\t\t\t<\/div>\t\t\t<\/div>\n\t\t\t<div class=\"post-right\">\n\t\t\t\t<div class=\"post-content-outer\">\n\t\t\t\t\t\t\t<header class=\"single\">\n\t\t\t<div class=\"content\">\n\t\t\t\t<h4>\n\t\t\t\t\t<a href=\"https:\/\/gracadivina.com\/index.php\/2017\/10\/24\/a-escolha-lei-e-obras-ou-fe-e-graca\/\" title=\"A escolha: Lei e obras, ou f\u00e9 e gra\u00e7a?\" class=\"entry-title\">A escolha: Lei e obras, ou f\u00e9 e gra\u00e7a?<\/a>\n\t\t\t\t<\/h4>\n\t\t\t<\/div>\n\t\t<\/header>\n\t<p>A salva\u00e7\u00e3o se alcan\u00e7a por gra\u00e7a, atrav\u00e9s da f\u00e9 em Cristo; mas a recompensa que cada um receber\u00e1 para a eternidade, \u00e9 acumulada agora no c\u00e9u, pelas boas obras realizadas nesta vida, obedecendo a Cristo.<\/p>\n\t\t\t\t<\/div>\n\t\t\t<\/div>\n\t<\/div>\n\t<\/div>\n<\/div>\n\t\t\t<\/div>\n\t\t<\/div>\n\t\t<div class=\"page-content post-header grid-1-2 list-item cbp-item post-25710 post type-post status-publish format-standard hentry category-artigos tag-deus tag-divina tag-graca tag-igreja tag-jesus tag-ministerio tag-neto tag-oracao tag-orar tag-pastor\" >\n\t\t\t<div>\n\t\t\t\t<div class=\"post-article no-image-wrapper \">\n\t<div class=\"standard-post-format clearfix as-normal as-standard-post-format\">\n\t\t\n\t<div class=\"post-content-wrapper\">\n\t\t\t<div class=\"post-actions-wrapper\">\n\t\t\t\t\n<div class=\"post-date\">\n\t\t\t<span class=\"top-part\">\n\t\t\t09\t\t<\/span>\n\t\t<span class=\"bottom-part\">\n\t\t\t01 '16\t\t<\/span>\n\t<\/div>\t\t\t\t\n<div class=\"post-actions\">\n\t\t\t\t\t\t<div class=\"comment-count\">\n\t\t\t\t<a href=\"https:\/\/gracadivina.com\/index.php\/2016\/01\/09\/oracao\/#comments\">1 <span class=\"comment-word\">Coment\u00e1rio<\/span><\/a>\t\t\t<\/div>\n\t\t\n\t\t\t\t\t<div class=\"love-count-outer\">\n\t\t\t\t<div class=\"love-it-wrapper\"><a href=\"#\" class=\"love-it\" data-post-id=\"25710\" data-user-id=\"0\"><span class=\"visuallyhidden\">Love it<\/span><\/a> <span class=\"love-count\">0<\/span><\/div>\t\t\t<\/div>\n\t\t\n\t\t\t<\/div>\t\t\t<\/div>\n\t\t\t<div class=\"post-right\">\n\t\t\t\t<div class=\"post-content-outer\">\n\t\t\t\t\t\t\t<header class=\"single\">\n\t\t\t<div class=\"content\">\n\t\t\t\t<h4>\n\t\t\t\t\t<a href=\"https:\/\/gracadivina.com\/index.php\/2016\/01\/09\/oracao\/\" title=\"Ora\u00e7\u00e3o\" class=\"entry-title\">Ora\u00e7\u00e3o<\/a>\n\t\t\t\t<\/h4>\n\t\t\t<\/div>\n\t\t<\/header>\n\t<p>Orar \u00e9 falar com Deus, \u00e9 ter comunh\u00e3o com Ele, e ter comunh\u00e3o com algu\u00e9m, \u00e9 comunicar com esse algu\u00e9m, esperar pela sua resposta e vice-versa. Aprenda como orar e fale palavras suas, do seu \u00edntimo. Deus est\u00e1 \u00e0 espera de ouvir a sua voz.<\/p>\n\t\t\t\t<\/div>\n\t\t\t<\/div>\n\t<\/div>\n\t<\/div>\n<\/div>\n\t\t\t<\/div>\n\t\t<\/div>\n\t\t<div class=\"page-content post-header grid-1-2 clearboth list-item cbp-item post-25649 post type-post status-publish format-standard hentry category-artigos\" >\n\t\t\t<div>\n\t\t\t\t<div class=\"post-article no-image-wrapper \">\n\t<div class=\"standard-post-format clearfix as-normal as-standard-post-format\">\n\t\t\n\t<div class=\"post-content-wrapper\">\n\t\t\t<div class=\"post-actions-wrapper\">\n\t\t\t\t\n<div class=\"post-date\">\n\t\t\t<span class=\"top-part\">\n\t\t\t21\t\t<\/span>\n\t\t<span class=\"bottom-part\">\n\t\t\t11 '15\t\t<\/span>\n\t<\/div>\t\t\t\t\n<div class=\"post-actions\">\n\t\t\t\t\t\t<div class=\"comment-count\">\n\t\t\t\t<a href=\"https:\/\/gracadivina.com\/index.php\/2015\/11\/21\/salvacao\/#comments\">12 <span class=\"comment-word\">Comments<\/span><\/a>\t\t\t<\/div>\n\t\t\n\t\t\t\t\t<div class=\"love-count-outer\">\n\t\t\t\t<div class=\"love-it-wrapper\"><a href=\"#\" class=\"love-it\" data-post-id=\"25649\" data-user-id=\"0\"><span class=\"visuallyhidden\">Love it<\/span><\/a> <span class=\"love-count\">0<\/span><\/div>\t\t\t<\/div>\n\t\t\n\t\t\t<\/div>\t\t\t<\/div>\n\t\t\t<div class=\"post-right\">\n\t\t\t\t<div class=\"post-content-outer\">\n\t\t\t\t\t\t\t<header class=\"single\">\n\t\t\t<div class=\"content\">\n\t\t\t\t<h4>\n\t\t\t\t\t<a href=\"https:\/\/gracadivina.com\/index.php\/2015\/11\/21\/salvacao\/\" title=\"Salva\u00e7\u00e3o\" class=\"entry-title\">Salva\u00e7\u00e3o<\/a>\n\t\t\t\t<\/h4>\n\t\t\t<\/div>\n\t\t<\/header>\n\t<p>A salva\u00e7\u00e3o \u00e9 o bem mais precioso que se pode alcan\u00e7ar e s\u00f3 atrav\u00e9s de Jesus Cristo se pode ser salvo. Para chegar \u00e0 vida eterna, tem que se iniciar uma vida nova com Jesus, longe do pecado, e perseverar at\u00e9 ao fim.<\/p>\n\t\t\t\t<\/div>\n\t\t\t<\/div>\n\t<\/div>\n\t<\/div>\n<\/div>\n\t\t\t<\/div>\n\t\t<\/div>\n\t\t<div class=\"page-content post-header grid-1-2 list-item cbp-item post-25266 post type-post status-publish format-standard hentry category-artigos\" >\n\t\t\t<div>\n\t\t\t\t<div class=\"post-article no-image-wrapper \">\n\t<div class=\"standard-post-format clearfix as-normal as-standard-post-format\">\n\t\t\n\t<div class=\"post-content-wrapper\">\n\t\t\t<div class=\"post-actions-wrapper\">\n\t\t\t\t\n<div class=\"post-date\">\n\t\t\t<span class=\"top-part\">\n\t\t\t12\t\t<\/span>\n\t\t<span class=\"bottom-part\">\n\t\t\t10 '15\t\t<\/span>\n\t<\/div>\t\t\t\t\n<div class=\"post-actions\">\n\t\t\t\t\t\t<div class=\"comment-count\">\n\t\t\t\t<a href=\"https:\/\/gracadivina.com\/index.php\/2015\/10\/12\/meditar\/#respond\">0 <span class=\"comment-word\">Comments<\/span><\/a>\t\t\t<\/div>\n\t\t\n\t\t\t\t\t<div class=\"love-count-outer\">\n\t\t\t\t<div class=\"love-it-wrapper\"><a href=\"#\" class=\"love-it\" data-post-id=\"25266\" data-user-id=\"0\"><span class=\"visuallyhidden\">Love it<\/span><\/a> <span class=\"love-count\">0<\/span><\/div>\t\t\t<\/div>\n\t\t\n\t\t\t<\/div>\t\t\t<\/div>\n\t\t\t<div class=\"post-right\">\n\t\t\t\t<div class=\"post-content-outer\">\n\t\t\t\t\t\t\t<header class=\"single\">\n\t\t\t<div class=\"content\">\n\t\t\t\t<h4>\n\t\t\t\t\t<a href=\"https:\/\/gracadivina.com\/index.php\/2015\/10\/12\/meditar\/\" title=\"Meditar\" class=\"entry-title\">Meditar<\/a>\n\t\t\t\t<\/h4>\n\t\t\t<\/div>\n\t\t<\/header>\n\t<p>S\u00f3 com f\u00e9 se pode agradar a Deus e com este material dispon\u00edvel voc\u00ea pode aumentar a sua f\u00e9 ouvindo a palavra de Deus com uma selec\u00e7\u00e3o de vers\u00edculos para todas as \u00e1reas.<\/p>\n\t\t\t\t<\/div>\n\t\t\t<\/div>\n\t<\/div>\n\t<\/div>\n<\/div>\n\t\t\t<\/div>\n\t\t<\/div>\n<\/div>\n\n<\/div><\/div>\n","protected":false},"excerpt":{"rendered":"<p>Deus e a sua palavra s\u00e3o um s\u00f3 e quando Deus fala as coisas acontecem, pois Ele vela para que se cumpra a sua palavra. Ent\u00e3o me disse o Senhor: Viste bem; porque Eu velo sobre a minha palavra para a cumprir. (Jr 1:12) A palavra de Deus \u00e9 semelhante a uma semente e o&#8230;<\/p>\n","protected":false},"author":1,"featured_media":0,"parent":0,"menu_order":0,"comment_status":"closed","ping_status":"closed","template":"","meta":{"_mi_skip_tracking":false,"_exactmetrics_sitenote_active":false,"_exactmetrics_sitenote_note":"","_exactmetrics_sitenote_category":0},"yoast_head":"<!-- This site is optimized with the Yoast SEO plugin v20.2.1 - https:\/\/yoast.com\/wordpress\/plugins\/seo\/ -->\n<title>Artigos - Gra\u00e7a Divina<\/title>\n<meta name=\"robots\" content=\"index, follow, max-snippet:-1, max-image-preview:large, max-video-preview:-1\" \/>\n<link rel=\"canonical\" href=\"https:\/\/gracadivina.com\/index.php\/artigos\/\" \/>\n<meta property=\"og:locale\" content=\"pt_PT\" \/>\n<meta property=\"og:type\" content=\"article\" \/>\n<meta property=\"og:title\" content=\"Artigos - Gra\u00e7a Divina\" \/>\n<meta property=\"og:url\" content=\"https:\/\/gracadivina.com\/index.php\/artigos\/\" \/>\n<meta property=\"og:site_name\" content=\"Gra\u00e7a Divina\" \/>\n<meta property=\"article:modified_time\" content=\"2015-11-15T19:17:52+00:00\" \/>\n<meta name=\"twitter:card\" content=\"summary_large_image\" \/>\n<script type=\"application\/ld+json\" class=\"yoast-schema-graph\">{\"@context\":\"https:\/\/schema.org\",\"@graph\":[{\"@type\":\"WebPage\",\"@id\":\"https:\/\/gracadivina.com\/index.php\/artigos\/\",\"url\":\"https:\/\/gracadivina.com\/index.php\/artigos\/\",\"name\":\"Artigos - Gra\u00e7a Divina\",\"isPartOf\":{\"@id\":\"https:\/\/gracadivina.com\/#website\"},\"datePublished\":\"2015-10-22T17:11:20+00:00\",\"dateModified\":\"2015-11-15T19:17:52+00:00\",\"breadcrumb\":{\"@id\":\"https:\/\/gracadivina.com\/index.php\/artigos\/#breadcrumb\"},\"inLanguage\":\"pt-PT\",\"potentialAction\":[{\"@type\":\"ReadAction\",\"target\":[\"https:\/\/gracadivina.com\/index.php\/artigos\/\"]}]},{\"@type\":\"BreadcrumbList\",\"@id\":\"https:\/\/gracadivina.com\/index.php\/artigos\/#breadcrumb\",\"itemListElement\":[{\"@type\":\"ListItem\",\"position\":1,\"name\":\"Home\",\"item\":\"https:\/\/gracadivina.com\/\"},{\"@type\":\"ListItem\",\"position\":2,\"name\":\"Artigos\"}]},{\"@type\":\"WebSite\",\"@id\":\"https:\/\/gracadivina.com\/#website\",\"url\":\"https:\/\/gracadivina.com\/\",\"name\":\"Gra\u00e7a Divina\",\"description\":\"Igreja evang\u00e9lica\",\"potentialAction\":[{\"@type\":\"SearchAction\",\"target\":{\"@type\":\"EntryPoint\",\"urlTemplate\":\"https:\/\/gracadivina.com\/?s={search_term_string}\"},\"query-input\":\"required name=search_term_string\"}],\"inLanguage\":\"pt-PT\"}]}<\/script>\n<!-- \/ Yoast SEO plugin. -->","yoast_head_json":{"title":"Artigos - Gra\u00e7a Divina","robots":{"index":"index","follow":"follow","max-snippet":"max-snippet:-1","max-image-preview":"max-image-preview:large","max-video-preview":"max-video-preview:-1"},"canonical":"https:\/\/gracadivina.com\/index.php\/artigos\/","og_locale":"pt_PT","og_type":"article","og_title":"Artigos - Gra\u00e7a Divina","og_url":"https:\/\/gracadivina.com\/index.php\/artigos\/","og_site_name":"Gra\u00e7a Divina","article_modified_time":"2015-11-15T19:17:52+00:00","twitter_card":"summary_large_image","schema":{"@context":"https:\/\/schema.org","@graph":[{"@type":"WebPage","@id":"https:\/\/gracadivina.com\/index.php\/artigos\/","url":"https:\/\/gracadivina.com\/index.php\/artigos\/","name":"Artigos - Gra\u00e7a Divina","isPartOf":{"@id":"https:\/\/gracadivina.com\/#website"},"datePublished":"2015-10-22T17:11:20+00:00","dateModified":"2015-11-15T19:17:52+00:00","breadcrumb":{"@id":"https:\/\/gracadivina.com\/index.php\/artigos\/#breadcrumb"},"inLanguage":"pt-PT","potentialAction":[{"@type":"ReadAction","target":["https:\/\/gracadivina.com\/index.php\/artigos\/"]}]},{"@type":"BreadcrumbList","@id":"https:\/\/gracadivina.com\/index.php\/artigos\/#breadcrumb","itemListElement":[{"@type":"ListItem","position":1,"name":"Home","item":"https:\/\/gracadivina.com\/"},{"@type":"ListItem","position":2,"name":"Artigos"}]},{"@type":"WebSite","@id":"https:\/\/gracadivina.com\/#website","url":"https:\/\/gracadivina.com\/","name":"Gra\u00e7a Divina","description":"Igreja evang\u00e9lica","potentialAction":[{"@type":"SearchAction","target":{"@type":"EntryPoint","urlTemplate":"https:\/\/gracadivina.com\/?s={search_term_string}"},"query-input":"required name=search_term_string"}],"inLanguage":"pt-PT"}]}},"_links":{"self":[{"href":"https:\/\/gracadivina.com\/index.php\/wp-json\/wp\/v2\/pages\/25447"}],"collection":[{"href":"https:\/\/gracadivina.com\/index.php\/wp-json\/wp\/v2\/pages"}],"about":[{"href":"https:\/\/gracadivina.com\/index.php\/wp-json\/wp\/v2\/types\/page"}],"author":[{"embeddable":true,"href":"https:\/\/gracadivina.com\/index.php\/wp-json\/wp\/v2\/users\/1"}],"replies":[{"embeddable":true,"href":"https:\/\/gracadivina.com\/index.php\/wp-json\/wp\/v2\/comments?post=25447"}],"version-history":[{"count":10,"href":"https:\/\/gracadivina.com\/index.php\/wp-json\/wp\/v2\/pages\/25447\/revisions"}],"predecessor-version":[{"id":25630,"href":"https:\/\/gracadivina.com\/index.php\/wp-json\/wp\/v2\/pages\/25447\/revisions\/25630"}],"wp:attachment":[{"href":"https:\/\/gracadivina.com\/index.php\/wp-json\/wp\/v2\/media?parent=25447"}],"curies":[{"name":"wp","href":"https:\/\/api.w.org\/{rel}","templated":true}]}}