{"id":24652,"date":"2015-09-07T16:00:44","date_gmt":"2015-09-07T16:00:44","guid":{"rendered":"http:\/\/gracadivina.com\/?page_id=24652"},"modified":"2015-10-31T20:47:10","modified_gmt":"2015-10-31T20:47:10","slug":"testemunhos-delfina","status":"publish","type":"page","link":"https:\/\/gracadivina.com\/index.php\/testemunhos-delfina\/","title":{"rendered":"testemunhos-delfina"},"content":{"rendered":"<div class=\"row \"><div class=\"wpv-grid grid-1-1  wpv-first-level first unextended\" style=\"padding-top:0px;padding-bottom:0px\" id=\"wpv-column-f8fae65f63b90cf66b03e210aabe6eb7\" ><div class=\"blockquote-list\"><blockquote class='clearfix small simple'><div class=\"quote-thumbnail\"><img width=\"150\" height=\"150\" src=\"https:\/\/gracadivina.com\/wp-content\/uploads\/2015\/09\/Josefina-150x150.png\" class=\"attachment-thumbnail size-thumbnail wp-post-image\" alt=\"\" decoding=\"async\" loading=\"lazy\" srcset=\"https:\/\/gracadivina.com\/wp-content\/uploads\/2015\/09\/Josefina-150x150.png 150w, https:\/\/gracadivina.com\/wp-content\/uploads\/2015\/09\/Josefina-180x180.png 180w, https:\/\/gracadivina.com\/wp-content\/uploads\/2015\/09\/Josefina-60x60.png 60w, https:\/\/gracadivina.com\/wp-content\/uploads\/2015\/09\/Josefina-43x43.png 43w, https:\/\/gracadivina.com\/wp-content\/uploads\/2015\/09\/Josefina-106x106.png 106w, https:\/\/gracadivina.com\/wp-content\/uploads\/2015\/09\/Josefina.png 215w\" sizes=\"(max-width: 150px) 100vw, 150px\" \/><strong class='quote-title'><span class='the-title'>Delfina Silvestre<\/span> <span class='company-name'>(<a href=\"http:\/\/gracadivina.com\/index.php\/testemunhos-delfina\/\" target=\"_blank\">Ver mais<\/a>)<\/span><\/strong><\/div><div class='quote-text'><div class=\"quote-content\"><h1 class=\"accent-1\" style=\"font-size: 64px; font-weight: 800;\">JESUS \u00c9 O<br \\>\r\n\r\nCIRURGI\u00c3O<br \\>\r\n\r\nDOS CIRURGI\u00d5ES.<\/h1>\r\n<em>\"Um testemunho que mostra como Deus <br \\>\r\najudou nas opera\u00e7\u00f5es e na convalescen\u00e7a da Delfina.\"<\/em>\r\n<\/div><\/div><\/blockquote><\/div><\/div><\/div>\n<div class=\"row \"><div class=\"wpv-grid grid-1-1  wpv-first-level first unextended\" style=\"padding-top:0px;padding-bottom:0px\" id=\"wpv-column-37bcadb50882d23b864a098c27bc6a74\" ><div class=\"sep\"><\/div>\n<p>Tinha a anca direita obstru\u00edda o que me levou a fazer uma cirurgia para coloca\u00e7\u00e3o de uma pr\u00f3tese.<\/p>\n<p>Passados cinco\u00a0meses\u00a0entrei para o minist\u00e9rio Gra\u00e7a Divina com duas\u00a0canadianas e com dores resultantes da opera\u00e7\u00e3o. Dois\u00a0meses depois deixei uma canadiana e no m\u00eas seguinte deixei a outra, livre de dores e a sentir-se completamente melhor.<\/p>\n<p>Poucos meses depois foi necess\u00e1ria uma interven\u00e7\u00e3o ao joelho por falta de cartilagem.\u00a0Coloquei novamente outra pr\u00f3tese e pouco tempo depois larguei a canadiana. \u00a0Tr\u00eas\u00a0meses depois fui ao m\u00e9dico para saber o estado do joelho e n\u00e3o tenho quaisquer problemas.\u00a0A pr\u00f3tese est\u00e1 bem colocada e o joelho est\u00e1 todo curado.<\/p>\n<p>Reconhe\u00e7o que Deus operou\u00a0conjuntamente com os m\u00e9dicos nas cirurgias e que Jesus \u00e9 o cirurgi\u00e3o dos cirurgi\u00f5es.<\/p>\n<p>Hoje sinto-me bem e apenas uso uma canadiana\u00a0por precau\u00e7\u00e3o para n\u00e3o for\u00e7ar a anca em demasia.<\/p>\n<div class=\"sep\"><\/div><\/div><\/div>\n","protected":false},"excerpt":{"rendered":"<p>JESUS \u00c9 O CIRURGI\u00c3O DOS CIRURGI\u00d5ES. &#8220;Um testemunho que mostra como Deus ajudou nas opera\u00e7\u00f5es e na convalescen\u00e7a da Delfina.&#8221;<\/p>\n","protected":false},"author":1,"featured_media":0,"parent":0,"menu_order":0,"comment_status":"closed","ping_status":"closed","template":"","meta":{"_mi_skip_tracking":false,"_exactmetrics_sitenote_active":false,"_exactmetrics_sitenote_note":"","_exactmetrics_sitenote_category":0},"yoast_head":"<!-- This site is optimized with the Yoast SEO plugin v20.2.1 - https:\/\/yoast.com\/wordpress\/plugins\/seo\/ -->\n<title>testemunhos-delfina - Gra\u00e7a Divina<\/title>\n<meta name=\"robots\" content=\"index, follow, max-snippet:-1, max-image-preview:large, max-video-preview:-1\" \/>\n<link rel=\"canonical\" href=\"https:\/\/gracadivina.com\/index.php\/testemunhos-delfina\/\" \/>\n<meta property=\"og:locale\" content=\"pt_PT\" \/>\n<meta property=\"og:type\" content=\"article\" \/>\n<meta property=\"og:title\" content=\"testemunhos-delfina - Gra\u00e7a Divina\" \/>\n<meta property=\"og:url\" content=\"https:\/\/gracadivina.com\/index.php\/testemunhos-delfina\/\" \/>\n<meta property=\"og:site_name\" content=\"Gra\u00e7a Divina\" \/>\n<meta property=\"article:modified_time\" content=\"2015-10-31T20:47:10+00:00\" \/>\n<meta name=\"twitter:card\" content=\"summary_large_image\" \/>\n<meta name=\"twitter:label1\" content=\"Tempo estimado de leitura\" \/>\n\t<meta name=\"twitter:data1\" content=\"1 minuto\" \/>\n<script type=\"application\/ld+json\" class=\"yoast-schema-graph\">{\"@context\":\"https:\/\/schema.org\",\"@graph\":[{\"@type\":\"WebPage\",\"@id\":\"https:\/\/gracadivina.com\/index.php\/testemunhos-delfina\/\",\"url\":\"https:\/\/gracadivina.com\/index.php\/testemunhos-delfina\/\",\"name\":\"testemunhos-delfina - Gra\u00e7a Divina\",\"isPartOf\":{\"@id\":\"https:\/\/gracadivina.com\/#website\"},\"datePublished\":\"2015-09-07T16:00:44+00:00\",\"dateModified\":\"2015-10-31T20:47:10+00:00\",\"breadcrumb\":{\"@id\":\"https:\/\/gracadivina.com\/index.php\/testemunhos-delfina\/#breadcrumb\"},\"inLanguage\":\"pt-PT\",\"potentialAction\":[{\"@type\":\"ReadAction\",\"target\":[\"https:\/\/gracadivina.com\/index.php\/testemunhos-delfina\/\"]}]},{\"@type\":\"BreadcrumbList\",\"@id\":\"https:\/\/gracadivina.com\/index.php\/testemunhos-delfina\/#breadcrumb\",\"itemListElement\":[{\"@type\":\"ListItem\",\"position\":1,\"name\":\"Home\",\"item\":\"https:\/\/gracadivina.com\/\"},{\"@type\":\"ListItem\",\"position\":2,\"name\":\"testemunhos-delfina\"}]},{\"@type\":\"WebSite\",\"@id\":\"https:\/\/gracadivina.com\/#website\",\"url\":\"https:\/\/gracadivina.com\/\",\"name\":\"Gra\u00e7a Divina\",\"description\":\"Igreja evang\u00e9lica\",\"potentialAction\":[{\"@type\":\"SearchAction\",\"target\":{\"@type\":\"EntryPoint\",\"urlTemplate\":\"https:\/\/gracadivina.com\/?s={search_term_string}\"},\"query-input\":\"required name=search_term_string\"}],\"inLanguage\":\"pt-PT\"}]}<\/script>\n<!-- \/ Yoast SEO plugin. -->","yoast_head_json":{"title":"testemunhos-delfina - Gra\u00e7a Divina","robots":{"index":"index","follow":"follow","max-snippet":"max-snippet:-1","max-image-preview":"max-image-preview:large","max-video-preview":"max-video-preview:-1"},"canonical":"https:\/\/gracadivina.com\/index.php\/testemunhos-delfina\/","og_locale":"pt_PT","og_type":"article","og_title":"testemunhos-delfina - Gra\u00e7a Divina","og_url":"https:\/\/gracadivina.com\/index.php\/testemunhos-delfina\/","og_site_name":"Gra\u00e7a Divina","article_modified_time":"2015-10-31T20:47:10+00:00","twitter_card":"summary_large_image","twitter_misc":{"Tempo estimado de leitura":"1 minuto"},"schema":{"@context":"https:\/\/schema.org","@graph":[{"@type":"WebPage","@id":"https:\/\/gracadivina.com\/index.php\/testemunhos-delfina\/","url":"https:\/\/gracadivina.com\/index.php\/testemunhos-delfina\/","name":"testemunhos-delfina - Gra\u00e7a Divina","isPartOf":{"@id":"https:\/\/gracadivina.com\/#website"},"datePublished":"2015-09-07T16:00:44+00:00","dateModified":"2015-10-31T20:47:10+00:00","breadcrumb":{"@id":"https:\/\/gracadivina.com\/index.php\/testemunhos-delfina\/#breadcrumb"},"inLanguage":"pt-PT","potentialAction":[{"@type":"ReadAction","target":["https:\/\/gracadivina.com\/index.php\/testemunhos-delfina\/"]}]},{"@type":"BreadcrumbList","@id":"https:\/\/gracadivina.com\/index.php\/testemunhos-delfina\/#breadcrumb","itemListElement":[{"@type":"ListItem","position":1,"name":"Home","item":"https:\/\/gracadivina.com\/"},{"@type":"ListItem","position":2,"name":"testemunhos-delfina"}]},{"@type":"WebSite","@id":"https:\/\/gracadivina.com\/#website","url":"https:\/\/gracadivina.com\/","name":"Gra\u00e7a Divina","description":"Igreja evang\u00e9lica","potentialAction":[{"@type":"SearchAction","target":{"@type":"EntryPoint","urlTemplate":"https:\/\/gracadivina.com\/?s={search_term_string}"},"query-input":"required name=search_term_string"}],"inLanguage":"pt-PT"}]}},"_links":{"self":[{"href":"https:\/\/gracadivina.com\/index.php\/wp-json\/wp\/v2\/pages\/24652"}],"collection":[{"href":"https:\/\/gracadivina.com\/index.php\/wp-json\/wp\/v2\/pages"}],"about":[{"href":"https:\/\/gracadivina.com\/index.php\/wp-json\/wp\/v2\/types\/page"}],"author":[{"embeddable":true,"href":"https:\/\/gracadivina.com\/index.php\/wp-json\/wp\/v2\/users\/1"}],"replies":[{"embeddable":true,"href":"https:\/\/gracadivina.com\/index.php\/wp-json\/wp\/v2\/comments?post=24652"}],"version-history":[{"count":14,"href":"https:\/\/gracadivina.com\/index.php\/wp-json\/wp\/v2\/pages\/24652\/revisions"}],"predecessor-version":[{"id":25255,"href":"https:\/\/gracadivina.com\/index.php\/wp-json\/wp\/v2\/pages\/24652\/revisions\/25255"}],"wp:attachment":[{"href":"https:\/\/gracadivina.com\/index.php\/wp-json\/wp\/v2\/media?parent=24652"}],"curies":[{"name":"wp","href":"https:\/\/api.w.org\/{rel}","templated":true}]}}